{"id":8299,"date":"2018-08-21T13:16:29","date_gmt":"2018-08-21T13:16:29","guid":{"rendered":"https:\/\/ritosa.click.si\/?post_type=product&#038;p=8299"},"modified":"2025-09-25T16:19:48","modified_gmt":"2025-09-25T14:19:48","slug":"force-double-f-noem-2x-18l","status":"publish","type":"product","link":"https:\/\/ritosa.si\/hr\/ducan\/biciklizam\/oprema-za-biciklizam\/dodatna-oprema-in-rezervni-deli\/torbice\/force-double-f-noem-2x-18l\/","title":{"rendered":"Torba Force double F NOEM 2x 18L"},"content":{"rendered":"<div id=\"description\" class=\"tab-pane fade in active\">\n<div class=\"product-description\">\n<p><span class=\"tlid-translation translation\" lang=\"sl\" xml:lang=\"sl\"><span title=\"\">FORCE NOEM dvostruka stra\u017enja torba za prtljagu. Oja\u010dana torba s remenom za pri\u010dvr\u0161\u0107ivanje na stra\u017enji nosa\u010d.\u00a0<\/span><\/span><\/p>\n<p>Zna\u010dajke:<\/p>\n<ul>\n<li>2 velika d\u017eepa sa zatvara\u010dem + 2 mala d\u017eepa sa zatvara\u010dem<\/li>\n<li>elasti\u010dna traka na vrhu<\/li>\n<li>reflektiraju\u0107e zna\u010dajke: trep\u0107u\u0107a svjetlosna traka<\/li>\n<li>visina: 29 cm, duljina gornje stranice: 37 cm, \u0161irina s d\u017eepom: 8 cm<\/li>\n<li>volumen 1 vre\u0107ice: cca. 18 l, ukupni volumen: cca. 36 l<\/li>\n<li>materijal: poliester<\/li>\n<li>te\u017eina: 1080 g, maksimalno optere\u0107enje: 15 kg, pakirano u torbi<\/li>\n<\/ul>\n<p>DIMENZIJE SU PRIBLI\u017dNE<\/p>\n<\/div>\n<\/div>","protected":false},"excerpt":{"rendered":"<div class=\"std\"><span class=\"tlid-translation translation\" lang=\"sl\" xml:lang=\"sl\"><span title=\"\">Dvostruka torba za prtljagu za stra\u017enji prtlja\u017enik FORCE NOEM ss<\/span><\/span><span class=\"tlid-translation translation\" lang=\"sl\" xml:lang=\"sl\"><span title=\"\">volumen kupnje 36 L<\/span><\/span><\/div>","protected":false},"featured_media":8300,"template":"","meta":{"_acf_changed":false,"inline_featured_image":false,"_monsterinsights_skip_tracking":false,"_monsterinsights_sitenote_active":false,"_monsterinsights_sitenote_note":"","_monsterinsights_sitenote_category":0},"product_brand":[1559],"product_cat":[517],"product_tag":[1737,1460,1736,1739,1738,1734,914,1735],"class_list":{"0":"post-8299","1":"product","2":"type-product","3":"status-publish","4":"has-post-thumbnail","6":"product_brand-force","7":"product_cat-torbice","8":"product_tag-double-f-noem-2x-18l","9":"product_tag-force","10":"product_tag-force-double-f-noem-2x-18l","11":"product_tag-force-noem-36l","12":"product_tag-noem-2x-18l","13":"product_tag-prtljazna-torba","14":"product_tag-torba","15":"product_tag-torba-force","17":"first","18":"instock","19":"sale","20":"taxable","21":"shipping-taxable","22":"purchasable","23":"product-type-simple"},"acf":[],"aioseo_notices":[],"_links":{"self":[{"href":"https:\/\/ritosa.si\/hr\/wp-json\/wp\/v2\/product\/8299","targetHints":{"allow":["GET"]}}],"collection":[{"href":"https:\/\/ritosa.si\/hr\/wp-json\/wp\/v2\/product"}],"about":[{"href":"https:\/\/ritosa.si\/hr\/wp-json\/wp\/v2\/types\/product"}],"wp:featuredmedia":[{"embeddable":true,"href":"https:\/\/ritosa.si\/hr\/wp-json\/wp\/v2\/media\/8300"}],"wp:attachment":[{"href":"https:\/\/ritosa.si\/hr\/wp-json\/wp\/v2\/media?parent=8299"}],"wp:term":[{"taxonomy":"product_brand","embeddable":true,"href":"https:\/\/ritosa.si\/hr\/wp-json\/wp\/v2\/product_brand?post=8299"},{"taxonomy":"product_cat","embeddable":true,"href":"https:\/\/ritosa.si\/hr\/wp-json\/wp\/v2\/product_cat?post=8299"},{"taxonomy":"product_tag","embeddable":true,"href":"https:\/\/ritosa.si\/hr\/wp-json\/wp\/v2\/product_tag?post=8299"}],"curies":[{"name":"radni list","href":"https:\/\/api.w.org\/{rel}","templated":true}]}}