{"id":8602,"date":"2019-04-01T11:07:33","date_gmt":"2019-04-01T11:07:33","guid":{"rendered":"https:\/\/ritosa.click.si\/?post_type=product&#038;p=8602"},"modified":"2026-04-04T10:08:40","modified_gmt":"2026-04-04T08:08:40","slug":"rolerji-roces-helium-ii-tif","status":"publish","type":"product","link":"https:\/\/ritosa.si\/hr\/ducan\/rolerji\/odrasli-rolerji\/rolerji-roces-helium-ii-tif\/","title":{"rendered":"Roces HELIUM II TIF roleri"},"content":{"rendered":"<p>Roces HELIUM II TIF inline klizaljke mogu se koristiti za fitness ili jednostavnu rekreaciju. Kota\u010di od 84 mm stvaraju glatku vo\u017enju preko pukotina i lo\u0161eg asfalta. Progresivna anatomska podstava pru\u017ea oblik koji odgovara kliza\u010dima. Podstava Cool Breath Mesh, u kombinaciji s Jet usisnicima, pobolj\u0161ava protok zraka i smanjuje nakupljanje vlage, \u0161to je izvrsno za ovu dulju upotrebu. LiteDesign \u0161asija je stabilna i \u010dvrsta, \u0161to pobolj\u0161ava upravljivost i omogu\u0107uje kliza\u010dima postizanje ve\u0107ih brzina.<\/p>\n<ul>\n<li>Abec 7 le\u017eajevi<\/li>\n<li>Ko\u010dnica uklju\u010dena<\/li>\n<\/ul>","protected":false},"excerpt":{"rendered":"<p>Roleri za odrasle ROCES HELIUM II TIF<\/p>\n<p><span style=\"color: #d0121a\"><span class=\"jCAhz ChMk0b\">Roces Helium II Tif je mali,<\/span><span class=\"jCAhz ChMk0b\">preporu\u010dujemo da odaberete jednu veli\u010dinu ve\u0107u od va\u0161e uobi\u010dajene veli\u010dine cipela.<\/span><\/span><\/p>","protected":false},"featured_media":8608,"template":"","meta":{"_acf_changed":false,"inline_featured_image":false,"_monsterinsights_skip_tracking":false,"_monsterinsights_sitenote_active":false,"_monsterinsights_sitenote_note":"","_monsterinsights_sitenote_category":0},"product_brand":[684],"product_cat":[584],"product_tag":[1254,1256,1201,1253,1255,1252],"class_list":{"0":"post-8602","1":"product","2":"type-product","3":"status-publish","4":"has-post-thumbnail","6":"product_brand-roces","7":"product_cat-odrasli-rolerji","8":"product_tag-helium-ii-tif","9":"product_tag-odrasli-rolerji","10":"product_tag-outlet","11":"product_tag-roces-helium-ii-tif","12":"product_tag-rolerji-helium-tif","13":"product_tag-rolerji-roces","14":"pa_velikost-762","15":"pa_velikost-43-2","16":"pa_velikost-45-2","17":"pa_velikost-773","19":"first","20":"instock","21":"sale","22":"taxable","23":"shipping-taxable","24":"purchasable","25":"product-type-variable"},"acf":[],"aioseo_notices":[],"_links":{"self":[{"href":"https:\/\/ritosa.si\/hr\/wp-json\/wp\/v2\/product\/8602","targetHints":{"allow":["GET"]}}],"collection":[{"href":"https:\/\/ritosa.si\/hr\/wp-json\/wp\/v2\/product"}],"about":[{"href":"https:\/\/ritosa.si\/hr\/wp-json\/wp\/v2\/types\/product"}],"wp:featuredmedia":[{"embeddable":true,"href":"https:\/\/ritosa.si\/hr\/wp-json\/wp\/v2\/media\/8608"}],"wp:attachment":[{"href":"https:\/\/ritosa.si\/hr\/wp-json\/wp\/v2\/media?parent=8602"}],"wp:term":[{"taxonomy":"product_brand","embeddable":true,"href":"https:\/\/ritosa.si\/hr\/wp-json\/wp\/v2\/product_brand?post=8602"},{"taxonomy":"product_cat","embeddable":true,"href":"https:\/\/ritosa.si\/hr\/wp-json\/wp\/v2\/product_cat?post=8602"},{"taxonomy":"product_tag","embeddable":true,"href":"https:\/\/ritosa.si\/hr\/wp-json\/wp\/v2\/product_tag?post=8602"}],"curies":[{"name":"radni list","href":"https:\/\/api.w.org\/{rel}","templated":true}]}}