{"id":8875,"date":"2020-04-01T11:57:40","date_gmt":"2020-04-01T11:57:40","guid":{"rendered":"https:\/\/ritosa.click.si\/?post_type=product&#038;p=8875"},"modified":"2026-04-04T10:01:30","modified_gmt":"2026-04-04T08:01:30","slug":"rolerji-roces-moody-tif-2","status":"publish","type":"product","link":"https:\/\/ritosa.si\/hr\/ducan\/rolerji\/otroski-rolerji\/rolerji-roces-moody-tif-2\/","title":{"rendered":"Roleri Roces MOODY TIF"},"content":{"rendered":"<p>Dje\u010dje role Moody TIF definitivno su prikladan izbor za svu djecu koja su ve\u0107 savladala osnove rolanja. Mekana cipela je vrlo prozra\u010dna i udobna, a veli\u010dina se mo\u017ee to\u010dno prilagoditi dje\u010djem stopalu. To je omogu\u0107eno novim sustavom vijaka koji je to\u010dan u milimetar. Zatvaranje vezicama, memorijskom trakom i kop\u010dom.<\/p>\n<ul>\n<li>Le\u017eajevi: ABEC 3;<\/li>\n<li>Kota\u010di: Roces 76 mm \/ 82A (72 mm u veli\u010dini 30-35);<\/li>\n<li>\u0160asija: aluminij<\/li>\n<li>Anatomski ulo\u017eak<\/li>\n<li>Ko\u010dnica je uklju\u010dena<\/li>\n<\/ul>","protected":false},"excerpt":{"rendered":"<p>Dje\u010dje podesive role ROCES MOODY TIF<\/p>","protected":false},"featured_media":8877,"template":"","meta":{"_acf_changed":false,"inline_featured_image":false,"_monsterinsights_skip_tracking":false,"_monsterinsights_sitenote_active":false,"_monsterinsights_sitenote_note":"","_monsterinsights_sitenote_category":0},"product_brand":[684],"product_cat":[583],"product_tag":[1198,1201],"class_list":{"0":"post-8875","1":"product","2":"type-product","3":"status-publish","4":"has-post-thumbnail","6":"product_brand-roces","7":"product_cat-otroski-rolerji","8":"product_tag-otroci","9":"product_tag-outlet","10":"pa_velikost-30-35","12":"first","13":"instock","14":"sale","15":"taxable","16":"shipping-taxable","17":"purchasable","18":"product-type-variable"},"acf":[],"aioseo_notices":[],"_links":{"self":[{"href":"https:\/\/ritosa.si\/hr\/wp-json\/wp\/v2\/product\/8875","targetHints":{"allow":["GET"]}}],"collection":[{"href":"https:\/\/ritosa.si\/hr\/wp-json\/wp\/v2\/product"}],"about":[{"href":"https:\/\/ritosa.si\/hr\/wp-json\/wp\/v2\/types\/product"}],"wp:featuredmedia":[{"embeddable":true,"href":"https:\/\/ritosa.si\/hr\/wp-json\/wp\/v2\/media\/8877"}],"wp:attachment":[{"href":"https:\/\/ritosa.si\/hr\/wp-json\/wp\/v2\/media?parent=8875"}],"wp:term":[{"taxonomy":"product_brand","embeddable":true,"href":"https:\/\/ritosa.si\/hr\/wp-json\/wp\/v2\/product_brand?post=8875"},{"taxonomy":"product_cat","embeddable":true,"href":"https:\/\/ritosa.si\/hr\/wp-json\/wp\/v2\/product_cat?post=8875"},{"taxonomy":"product_tag","embeddable":true,"href":"https:\/\/ritosa.si\/hr\/wp-json\/wp\/v2\/product_tag?post=8875"}],"curies":[{"name":"radni list","href":"https:\/\/api.w.org\/{rel}","templated":true}]}}