{"id":8989,"date":"2020-07-14T16:09:22","date_gmt":"2020-07-14T16:09:22","guid":{"rendered":"https:\/\/ritosa.click.si\/?post_type=product&#038;p=8989"},"modified":"2026-03-24T17:08:32","modified_gmt":"2026-03-24T16:08:32","slug":"kolesarska-celada-specialized-s-works-dessident-angi","status":"publish","type":"product","link":"https:\/\/ritosa.si\/hr\/ducan\/biciklizam\/oprema-za-biciklizam\/kolesarske-celade\/odrasle-kolesarske-celade\/kolesarska-celada-specialized-s-works-dessident-angi\/","title":{"rendered":"Specialized S-Works DESSIDENT ANGI biciklisti\u010dka kaciga"},"content":{"rendered":"<p>Ako pomi\u010dete granice brzine na spustovima i letite koliko god fizika dopu\u0161ta, onda je S-Works Dissident za vas. To je zato \u0161to je to najlak\u0161a, najprozra\u010dnija i tehni\u010dki napredna karbonska MTB kaciga za cijelo lice. Kako bi takva ostala prozra\u010dna \u010dak i po vru\u0107ini, 3D oblikovani jastu\u010di\u0107i za obraze i sustav hla\u0111enja 4th Dimension osiguravaju da ostane hladna, dok je \u0161koljka Carbon Matrix dovoljno lagana za cjelodnevnu udobnost.<\/p>\n<p>Na\u0161 novi ANGI senzor pada pru\u017ea vama i va\u0161im voljenima mir - uparen s na\u0161om iOS ili Android aplikacijom, senzor \u0107e detektirati pad i poslati tekstualnu poruku odabranim kontaktima na va\u0161em telefonu. Tako\u0111er se mo\u017ee sinkronizirati s na\u0161om aplikacijom i Stravom kako bi omogu\u0107io pra\u0107enje aktivnosti putem GPS-a.<\/p>\n<ul>\n<li>Dizajnirano za za\u0161titu natjecatelja Svjetskog kupa i gravity voza\u010da.<\/li>\n<li>U skladu je sa sigurnosnim standardima ASTM DH, koji uklju\u010duju vi\u0161e kriterije za za\u0161titu od udara i za\u0161titu brade.<\/li>\n<li>Lagana \u0161koljka s konstrukcijom od karbonske matrice \u2013 ciljana te\u017eina 1000 g.<\/li>\n<li>3D oblikovani jastu\u010di\u0107i za obraze i pobolj\u0161ani dizajn gornjeg jastu\u010di\u0107a za bolju ventilaciju i udobnije pristajanje.<\/li>\n<li>4th Dimension hla\u0111enje i ventilacija pru\u017eaju vrhunsku udobnost.<\/li>\n<li>Magnetska kop\u010da ispod brade pobolj\u0161ava udobnost i olak\u0161ava zatvaranje jednom rukom.<\/li>\n<li>Kompatibilno sa sustavom kacige EJECT\u2122.<\/li>\n<li>Kompatibilno s Leatt\u2122 ortozetom.<\/li>\n<li>Kompatibilno sa slu\u0161alicama.<\/li>\n<li>Uklju\u010duje podstavljenu putnu torbu s flis podstavom i vanjskim d\u017eepom za nao\u010dale.<\/li>\n<li>Uklonjiva i periva podloga i jastu\u010di\u0107i za obraze.<\/li>\n<li>Opremljen MIPS sustavom.<\/li>\n<li>Integrirani ANGI senzor pada.<\/li>\n<li>Uklonjiva periva podloga i jastu\u010di\u0107i za obraze.<\/li>\n<\/ul>","protected":false},"excerpt":{"rendered":"<p>Biciklisti\u010dka kaciga Specialized S-Works Dessident Angi<\/p>","protected":false},"featured_media":8991,"template":"","meta":{"_acf_changed":false,"inline_featured_image":false,"_monsterinsights_skip_tracking":false,"_monsterinsights_sitenote_active":false,"_monsterinsights_sitenote_note":"","_monsterinsights_sitenote_category":0},"product_brand":[673],"product_cat":[662],"product_tag":[1201],"class_list":{"0":"post-8989","1":"product","2":"type-product","3":"status-publish","4":"has-post-thumbnail","6":"product_brand-specialized","7":"product_cat-odrasle-kolesarske-celade","8":"product_tag-outlet","9":"pa_velikost-l","11":"first","12":"instock","13":"sale","14":"taxable","15":"shipping-taxable","16":"purchasable","17":"product-type-variable"},"acf":[],"aioseo_notices":[],"_links":{"self":[{"href":"https:\/\/ritosa.si\/hr\/wp-json\/wp\/v2\/product\/8989","targetHints":{"allow":["GET"]}}],"collection":[{"href":"https:\/\/ritosa.si\/hr\/wp-json\/wp\/v2\/product"}],"about":[{"href":"https:\/\/ritosa.si\/hr\/wp-json\/wp\/v2\/types\/product"}],"wp:featuredmedia":[{"embeddable":true,"href":"https:\/\/ritosa.si\/hr\/wp-json\/wp\/v2\/media\/8991"}],"wp:attachment":[{"href":"https:\/\/ritosa.si\/hr\/wp-json\/wp\/v2\/media?parent=8989"}],"wp:term":[{"taxonomy":"product_brand","embeddable":true,"href":"https:\/\/ritosa.si\/hr\/wp-json\/wp\/v2\/product_brand?post=8989"},{"taxonomy":"product_cat","embeddable":true,"href":"https:\/\/ritosa.si\/hr\/wp-json\/wp\/v2\/product_cat?post=8989"},{"taxonomy":"product_tag","embeddable":true,"href":"https:\/\/ritosa.si\/hr\/wp-json\/wp\/v2\/product_tag?post=8989"}],"curies":[{"name":"radni list","href":"https:\/\/api.w.org\/{rel}","templated":true}]}}