{"id":9368,"date":"2020-08-27T13:29:55","date_gmt":"2020-08-27T13:29:55","guid":{"rendered":"https:\/\/ritosa.click.si\/?post_type=product&#038;p=9368"},"modified":"2026-04-03T16:59:01","modified_gmt":"2026-04-03T14:59:01","slug":"ziener-ceniz","status":"publish","type":"product","link":"https:\/\/ritosa.si\/hr\/ducan\/biciklizam\/oprema-za-biciklizam\/kolesarske-rokavice\/moske-kolesarske-rokavice\/ziener-ceniz\/","title":{"rendered":"Biciklisti\u010dke rukavice Ziener COLLBY"},"content":{"rendered":"<p>Mu\u0161ke biciklisti\u010dke rukavice COLLBY imaju poseban gel na dlanovima, koji pru\u017ea maksimalnu udobnost. Na dlanovima se nalazi posebna zra\u010dna mre\u017eica zajedno s Amaro ko\u017eom, koja osigurava da se va\u0161e ruke ne\u0107e znojiti ni na du\u017eim putovanjima. Rukavice imaju \u010di\u010dak trake, \u0161to omogu\u0107uje brzo i jednostavno skidanje rukavica, a na pal\u010devima se nalazi poseban upijaju\u0107i materijal, koji olak\u0161ava brisanje znoja tijekom vo\u017enje.<\/p>","protected":false},"excerpt":{"rendered":"<p>Mu\u0161ke biciklisti\u010dke rukavice COLLBY<\/p>","protected":false},"featured_media":19862,"template":"","meta":{"_acf_changed":false,"inline_featured_image":false,"_monsterinsights_skip_tracking":false,"_monsterinsights_sitenote_active":false,"_monsterinsights_sitenote_note":"","_monsterinsights_sitenote_category":0},"product_brand":[682],"product_cat":[580],"product_tag":[1826,1834,1843,1832,1841,1200,1842,1835,1837,1844],"class_list":{"0":"post-9368","1":"product","2":"type-product","3":"status-publish","4":"has-post-thumbnail","6":"product_brand-ziener","7":"product_cat-moske-kolesarske-rokavice","8":"product_tag-kolesarske-rokavice","9":"product_tag-kolesarske-rokavice-ziener","10":"product_tag-kolesarske-rokavice-ziener-collby","11":"product_tag-moske-kolesarske-rokavice","12":"product_tag-moske-kolesarske-rokavice-collby","13":"product_tag-moski","14":"product_tag-rokavice-collby","15":"product_tag-rokavice-ziener","16":"product_tag-ziener","17":"product_tag-ziener-collby","18":"pa_velikost-801","19":"pa_velikost-10-5-2","20":"pa_velikost-1845","21":"pa_velikost-799","22":"pa_velikost-8-5","23":"pa_velikost-794","24":"pa_velikost-9-5","26":"first","27":"instock","28":"sale","29":"taxable","30":"shipping-taxable","31":"purchasable","32":"product-type-variable"},"acf":[],"aioseo_notices":[],"_links":{"self":[{"href":"https:\/\/ritosa.si\/hr\/wp-json\/wp\/v2\/product\/9368","targetHints":{"allow":["GET"]}}],"collection":[{"href":"https:\/\/ritosa.si\/hr\/wp-json\/wp\/v2\/product"}],"about":[{"href":"https:\/\/ritosa.si\/hr\/wp-json\/wp\/v2\/types\/product"}],"wp:featuredmedia":[{"embeddable":true,"href":"https:\/\/ritosa.si\/hr\/wp-json\/wp\/v2\/media\/19862"}],"wp:attachment":[{"href":"https:\/\/ritosa.si\/hr\/wp-json\/wp\/v2\/media?parent=9368"}],"wp:term":[{"taxonomy":"product_brand","embeddable":true,"href":"https:\/\/ritosa.si\/hr\/wp-json\/wp\/v2\/product_brand?post=9368"},{"taxonomy":"product_cat","embeddable":true,"href":"https:\/\/ritosa.si\/hr\/wp-json\/wp\/v2\/product_cat?post=9368"},{"taxonomy":"product_tag","embeddable":true,"href":"https:\/\/ritosa.si\/hr\/wp-json\/wp\/v2\/product_tag?post=9368"}],"curies":[{"name":"radni list","href":"https:\/\/api.w.org\/{rel}","templated":true}]}}