{"id":9662,"date":"2020-11-11T15:14:56","date_gmt":"2020-11-11T15:14:56","guid":{"rendered":"https:\/\/ritosa.click.si\/?post_type=product&#038;p=9662"},"modified":"2026-03-27T17:50:37","modified_gmt":"2026-03-27T16:50:37","slug":"skiro-roces-moby-250-mm","status":"publish","type":"product","link":"https:\/\/ritosa.si\/hr\/ducan\/skiroji\/klasicni-skiroji\/skiro-roces-moby-250-mm\/","title":{"rendered":"Romobil Roces MOBY 250 mm"},"content":{"rendered":"<div>Moby romobil je najmoderniji romobil za gradsku vo\u017enju tvrtke Roces. To je Rocesov odgovor na sve ustaljeniji trend u velikim europskim gradovima: potrebu za jednostavnim i brzim kretanjem bez tro\u0161enja novca. Opremljen je prednjim kota\u010dem od 250 mm + stra\u017enjim kota\u010dem od 215 mm izra\u0111enim od PU, \u0161to osigurava glatku vo\u017enju i veliku brzinu. Romobil se lako sklapa.<\/div>\n<div class=\"section-bg fill\">Zna\u010dajke:<\/div>\n<div class=\"section-content relative\">\n<div id=\"row-1199468660\" class=\"row m-auto\">\n<div id=\"col-2068847915\" class=\"col pb-0 small-12 large-12\">\n<div class=\"col-inner\">\n<ul>\n<li>Barva: \u010drno rde\u010da<\/li>\n<li>Kolesa: 250 mm PU + 215 mm PU<\/li>\n<li>Okvir: aluminij<\/li>\n<li>Zavora: zavora iz ekstrudiranega aluminija s sistemom zaklepanja<\/li>\n<li>Le\u017eaj: ABEC 7<\/li>\n<li>Ergonomske ru\u010dke<\/li>\n<li>Maksimalna te\u017eina: 100 kg<\/li>\n<\/ul>\n<p><strong>Upozorenje!<\/strong>\u00a0Prilikom kori\u0161tenja potrebno je nositi za\u0161titnu opremu (kacigu, \u0161titnike, rukavice).<br \/>\n\u2013 Proizvod je igra\u010dka i nije namijenjen za kori\u0161tenje u javnom prijevozu jer nije prilago\u0111en za javni prijevoz.<br \/>\n<strong>Upozorenje!<\/strong> Proizvod ne smiju koristiti djeca mla\u0111a od 36 mjeseci jer sadr\u017ei sitne dijelove i mo\u017ee predstavljati opasnost od gu\u0161enja.<\/p>\n<\/div>\n<\/div>\n<\/div>\n<\/div>","protected":false},"excerpt":{"rendered":"<p>Roces Moby romobil od 250 mm<\/p>","protected":false},"featured_media":9663,"template":"","meta":{"_acf_changed":false,"inline_featured_image":false,"_monsterinsights_skip_tracking":false,"_monsterinsights_sitenote_active":false,"_monsterinsights_sitenote_note":"","_monsterinsights_sitenote_category":0},"product_brand":[684],"product_cat":[651,495],"product_tag":[1386,1387,1380,1385],"class_list":{"0":"post-9662","1":"product","2":"type-product","3":"status-publish","4":"has-post-thumbnail","6":"product_brand-roces","7":"product_cat-klasicni-skiroji","8":"product_cat-skiroji","9":"product_tag-klasicni-skiro","10":"product_tag-roces-moby","11":"product_tag-skiro-roces","12":"product_tag-skiro-roces-moby-250-mm","14":"first","15":"instock","16":"sale","17":"taxable","18":"shipping-taxable","19":"purchasable","20":"product-type-simple"},"acf":[],"aioseo_notices":[],"_links":{"self":[{"href":"https:\/\/ritosa.si\/hr\/wp-json\/wp\/v2\/product\/9662","targetHints":{"allow":["GET"]}}],"collection":[{"href":"https:\/\/ritosa.si\/hr\/wp-json\/wp\/v2\/product"}],"about":[{"href":"https:\/\/ritosa.si\/hr\/wp-json\/wp\/v2\/types\/product"}],"wp:featuredmedia":[{"embeddable":true,"href":"https:\/\/ritosa.si\/hr\/wp-json\/wp\/v2\/media\/9663"}],"wp:attachment":[{"href":"https:\/\/ritosa.si\/hr\/wp-json\/wp\/v2\/media?parent=9662"}],"wp:term":[{"taxonomy":"product_brand","embeddable":true,"href":"https:\/\/ritosa.si\/hr\/wp-json\/wp\/v2\/product_brand?post=9662"},{"taxonomy":"product_cat","embeddable":true,"href":"https:\/\/ritosa.si\/hr\/wp-json\/wp\/v2\/product_cat?post=9662"},{"taxonomy":"product_tag","embeddable":true,"href":"https:\/\/ritosa.si\/hr\/wp-json\/wp\/v2\/product_tag?post=9662"}],"curies":[{"name":"radni list","href":"https:\/\/api.w.org\/{rel}","templated":true}]}}