{"id":9747,"date":"2020-11-27T10:08:05","date_gmt":"2020-11-27T10:08:05","guid":{"rendered":"https:\/\/ritosa.click.si\/?post_type=product&#038;p=9747"},"modified":"2025-09-19T16:12:28","modified_gmt":"2025-09-19T14:12:28","slug":"specialized-s-works-carbon-rib-cage","status":"publish","type":"product","link":"https:\/\/ritosa.si\/hr\/ducan\/biciklizam\/oprema-za-biciklizam\/dodatna-oprema-in-rezervni-deli\/nosilci-bidonov\/specialized-s-works-carbon-rib-cage\/","title":{"rendered":"Nosa\u010d bidona CUBE HPP SIDECAGE"},"content":{"rendered":"<p data-start=\"45\" data-end=\"239\">Nosa\u010d bidona CUBE HPP Sidecage savr\u0161en je izbor za elektri\u010dne bicikle i manje okvire zahvaljuju\u0107i posebnom dizajnu s bo\u010dnim pristupom.<\/p>\n<p data-start=\"241\" data-end=\"263\"><strong data-start=\"241\" data-end=\"263\">Dodatne zna\u010dajke:<\/strong><\/p>\n<ul>\n<li data-start=\"267\" data-end=\"339\">Optimizirana geometrija za jednostavan pristup boci i siguran hvat<\/li>\n<li data-start=\"267\" data-end=\"339\">Umetanje boce udesno<\/li>\n<li data-start=\"342\" data-end=\"369\">Idealno za manje okvire<\/li>\n<li data-start=\"372\" data-end=\"389\">Bo\u010dni pristup<\/li>\n<li data-start=\"392\" data-end=\"404\">Te\u017eina: 40 g<\/li>\n<\/ul>","protected":false},"excerpt":{"rendered":"<p>Nosa\u010d bidona CUBE HPP SIDECAGE, za umetanje s desne strane.<\/p>","protected":false},"featured_media":19566,"template":"","meta":{"_acf_changed":false,"inline_featured_image":false,"_monsterinsights_skip_tracking":false,"_monsterinsights_sitenote_active":false,"_monsterinsights_sitenote_note":"","_monsterinsights_sitenote_category":0},"product_brand":[1192],"product_cat":[635],"product_tag":[993,1587,1591],"class_list":{"0":"post-9747","1":"product","2":"type-product","3":"status-publish","4":"has-post-thumbnail","6":"product_brand-cube","7":"product_cat-nosilci-bidonov","8":"product_tag-cube","9":"product_tag-nosilec-bidona","10":"product_tag-nosilec-bidona-cube","12":"first","13":"instock","14":"taxable","15":"shipping-taxable","16":"purchasable","17":"product-type-simple"},"acf":[],"aioseo_notices":[],"_links":{"self":[{"href":"https:\/\/ritosa.si\/hr\/wp-json\/wp\/v2\/product\/9747","targetHints":{"allow":["GET"]}}],"collection":[{"href":"https:\/\/ritosa.si\/hr\/wp-json\/wp\/v2\/product"}],"about":[{"href":"https:\/\/ritosa.si\/hr\/wp-json\/wp\/v2\/types\/product"}],"wp:featuredmedia":[{"embeddable":true,"href":"https:\/\/ritosa.si\/hr\/wp-json\/wp\/v2\/media\/19566"}],"wp:attachment":[{"href":"https:\/\/ritosa.si\/hr\/wp-json\/wp\/v2\/media?parent=9747"}],"wp:term":[{"taxonomy":"product_brand","embeddable":true,"href":"https:\/\/ritosa.si\/hr\/wp-json\/wp\/v2\/product_brand?post=9747"},{"taxonomy":"product_cat","embeddable":true,"href":"https:\/\/ritosa.si\/hr\/wp-json\/wp\/v2\/product_cat?post=9747"},{"taxonomy":"product_tag","embeddable":true,"href":"https:\/\/ritosa.si\/hr\/wp-json\/wp\/v2\/product_tag?post=9747"}],"curies":[{"name":"radni list","href":"https:\/\/api.w.org\/{rel}","templated":true}]}}