{"id":23017,"date":"2026-04-10T13:44:18","date_gmt":"2026-04-10T11:44:18","guid":{"rendered":"https:\/\/ritosa.si\/"},"modified":"2026-04-10T13:51:46","modified_gmt":"2026-04-10T11:51:46","slug":"piskotki","status":"publish","type":"page","link":"https:\/\/ritosa.si\/it\/piskotki\/","title":{"rendered":"I Cookies"},"content":{"rendered":"<div data-elementor-type=\"wp-page\" data-elementor-id=\"23017\" class=\"elementor elementor-23017\" wpc-filter-elementor-widget=\"1\" data-elementor-post-type=\"page\">\n\t\t\t\t<div class=\"elementor-element elementor-element-9bbb1d6 e-flex e-con-boxed e-con e-parent\" data-id=\"9bbb1d6\" data-element_type=\"container\" data-e-type=\"container\">\n\t\t\t\t\t<div class=\"e-con-inner\">\n\t\t\t\t<div class=\"elementor-element elementor-element-b843f1e elementor-widget elementor-widget-text-editor\" data-id=\"b843f1e\" data-element_type=\"widget\" data-e-type=\"widget\" data-widget_type=\"text-editor.default\">\n\t\t\t\t<div class=\"elementor-widget-container\">\n\t\t\t\t\t\t\t\t\t<p>Pi\u0161kotki so zelo pomembni za zagotavljanje pozitivne izku\u0161nje obiskovalca spletne strani. Ve\u010d informacij o pi\u0161kotkih lahko najdete na <span style=\"text-decoration: underline;\"><a href=\"https:\/\/www.allaboutcookies.org\/\" target=\"_blank\" rel=\"noopener\">https:\/\/www.allaboutcookies.org\/<\/a><\/span>.<\/p><p>Na spletnih straneh obstajajo naslednje vrste pi\u0161kotkov:<\/p><p>&#8211; Za\u010dasni ali sejni pi\u0161kotki:<br \/>so shranjeni za \u010das trajanja seje brskanja in se bri\u0161ejo s potekom seje<br \/>so obvezni za pravilno delovanje dolo\u010denih aplikacij oz. funkcionalnosti na spletnih straneh<br \/>&#8211; Trajni ali shranjeni pi\u0161kotki:<br \/>se uporabljajo za izbolj\u0161anje uporabni\u0161kih izku\u0161enj<br \/>ostanejo v datoteki pi\u0161kotkov dalj\u0161e obdobje (odvisno od izbire, ki jo uporabnik izvede v nastavitvah svojega internetnega brskalnika)<br \/>&#8211; Lastni pi\u0161kotki:<br \/>so lahko trajni ali za\u010dasni. Te pi\u0161kotki se uporabljajo za shranjevanje informacij, ki jih bo spletna stran znova uporabila, ko uporabnik naslednji\u010d obi\u0161\u010de to mesto;<br \/>&#8211; Drugi pi\u0161kotki:<br \/>izvirajo od drugih, partnerskih spletnih mest (ki na primer merijo promet). Gre za zbiranje podatkov o uporabnikih iz razli\u010dnih spletnih mest in jih uporabljajo za razli\u010dne namene, od ogla\u0161evanja, analitike pa do izbolj\u0161ave svojih produktov.<\/p><p>Obstaja tudi slede\u010da delitev pi\u0161kotkov:<\/p><p>&#8211; nujno potrebni pi\u0161kotki:<br \/>omogo\u010dajo osnovne funkcije (navigacija po strani, dostop do varnih obmo\u010dij, zapomnitev uporabnikovih vnosov v spletne obrazce, nakupovalno ko\u0161arico)<br \/>se uporabljajo za prilagoditev nastavitev uporabnikovim \u017eeljam (na\u010din razvr\u0161\u010danja rezultatov\/vsebine)<br \/>tehni\u010dno brezhibno in nemoteno delovanje spletne strani je brez teh pi\u0161kotkov onemogo\u010deno<br \/>&#8211; pi\u0161kotki za statistiko:<br \/>zbirajo podatke o tem, kako se spletna mesta uporabljajo. Namen je izbolj\u0161anje njihove privla\u010dnosti, vsebin in funkcionalnosti. Uporaba teh pi\u0161kotkov poteka samo z va\u0161o privolitvijo.<br \/><br \/><\/p><p>Gre za Google Analytics \u2013 orodje za analizo spletnih strani (tekstovne datoteke se shranjujejo na obiskoval\u010devem ra\u010dunalniku in omogo\u010dajo analizo njegove uporabe spletne strani. Uporablja se za vrednotenje obiskoval\u010deve uporabe spletnega mesta, za sestavljanje poro\u010dil o aktivnostih na spletnih straneh in za nadaljnjo izvedbo storitev, povezanih z uporabo spletnih strani in interneta.<br \/>shranjevanje pi\u0161kotkov in evidentiranje podatkov, proizvedenih s pi\u0161kotki, in vezanih na uporabo spletnega mesta lahko uporabnik onemogo\u010di z ustreznimi nastavitvami svoje programske opreme brskalnika.\u00a0<\/p><p>V primeru izklopa lahko pride do tega, da obiskovalec ne bo mogel koristiti vseh funkcij tega spletnega mesta, u\u010dinkovitost spletne strani je lahko slab\u0161a. Svoje nastavitve lahko spremeni v brskalniku: <span style=\"text-decoration: underline;\"><a href=\"https:\/\/adssettings.google.com\/\" target=\"_blank\" rel=\"noopener\">https:\/\/adssettings.google.com\/<\/a><\/span>.<\/p><p>Za namestitev pi\u0161kotkov je potrebno uporabnikovo soglasje. Kadar ima spletna stran z uporabnikom bolj opredeljen odnos (uporabni\u0161ki ra\u010dun, registracija, profil), je pridobivanje privolitve \u017ee vklju\u010dena v proces registracije uporabnika.<\/p>\t\t\t\t\t\t\t\t<\/div>\n\t\t\t\t<\/div>\n\t\t\t\t\t<\/div>\n\t\t\t\t<\/div>\n\t\t\t\t<\/div>","protected":false},"excerpt":{"rendered":"<p>Pi\u0161kotki so zelo pomembni za zagotavljanje pozitivne izku\u0161nje obiskovalca spletne strani. Ve\u010d informacij o pi\u0161kotkih lahko najdete na https:\/\/www.allaboutcookies.org\/. Na spletnih straneh obstajajo naslednje vrste pi\u0161kotkov: &#8211; Za\u010dasni ali sejni pi\u0161kotki:so shranjeni za \u010das trajanja seje brskanja in se bri\u0161ejo s potekom sejeso obvezni za pravilno delovanje dolo\u010denih aplikacij oz. funkcionalnosti na spletnih straneh&#8211; Trajni [&hellip;]<\/p>\n","protected":false},"author":1,"featured_media":0,"parent":0,"menu_order":0,"comment_status":"closed","ping_status":"closed","template":"","meta":{"_acf_changed":false,"inline_featured_image":false,"_monsterinsights_skip_tracking":false,"_monsterinsights_sitenote_active":false,"_monsterinsights_sitenote_note":"","_monsterinsights_sitenote_category":0,"footnotes":""},"class_list":["post-23017","page","type-page","status-publish","hentry"],"acf":[],"aioseo_notices":[],"_links":{"self":[{"href":"https:\/\/ritosa.si\/it\/wp-json\/wp\/v2\/pages\/23017","targetHints":{"allow":["GET"]}}],"collection":[{"href":"https:\/\/ritosa.si\/it\/wp-json\/wp\/v2\/pages"}],"about":[{"href":"https:\/\/ritosa.si\/it\/wp-json\/wp\/v2\/types\/page"}],"author":[{"embeddable":true,"href":"https:\/\/ritosa.si\/it\/wp-json\/wp\/v2\/users\/1"}],"replies":[{"embeddable":true,"href":"https:\/\/ritosa.si\/it\/wp-json\/wp\/v2\/comments?post=23017"}],"version-history":[{"count":4,"href":"https:\/\/ritosa.si\/it\/wp-json\/wp\/v2\/pages\/23017\/revisions"}],"predecessor-version":[{"id":23025,"href":"https:\/\/ritosa.si\/it\/wp-json\/wp\/v2\/pages\/23017\/revisions\/23025"}],"wp:attachment":[{"href":"https:\/\/ritosa.si\/it\/wp-json\/wp\/v2\/media?parent=23017"}],"curies":[{"name":"parola chiave","href":"https:\/\/api.w.org\/{rel}","templated":true}]}}