{"id":10259,"date":"2021-05-24T14:34:38","date_gmt":"2021-05-24T14:34:38","guid":{"rendered":"https:\/\/ritosa.click.si\/?post_type=product&#038;p=10259"},"modified":"2026-04-04T10:09:07","modified_gmt":"2026-04-04T08:09:07","slug":"rolerji-tempish-wire-3-0-black-blu","status":"publish","type":"product","link":"https:\/\/ritosa.si\/it\/negozio\/rolerji\/odrasli-rolerji\/rolerji-tempish-wire-3-0-black-blu\/","title":{"rendered":"Rolerji Tempish WIRE 3.0"},"content":{"rendered":"<div id=\"description\" class=\"tab-pane fade in active\">\n<div class=\"product-description\">\n<p><strong>Pattini in linea TEMPISH WIRE 3.0 nero\/blu<\/strong><\/p>\n<div class=\"tab-pane fade in active\">\n<div class=\"product-description\">\n<p><strong>FILO 3.0<\/strong><\/p>\n<p>I pattini a rotelle fitness WIRE 3.0 sono pensati per il pattinaggio ricreativo. Sono pensati sia per i principianti che per chi ha gi\u00e0 esperienza di pattinaggio. La suola dei pattini a rotelle \u00e8 medio-alta, la parte superiore \u00e8 ulteriormente rinforzata e segue bene il movimento del piede. I pattini a rotelle sono dotati di ruote della serie CATCH con durezza 85A, che consentono una pattinata veloce e morbida. Il sistema di allacciatura dei pattini a rotelle \u00e8 tramite lacci, cinturino in velcro e clip.<\/p>\n<p>Diameter vijaka: 6mm \/ 29mm<\/p>\n<p>Taglie: 38 \u2013 45<\/p>\n<p>Dol\u017eina notranjega vlo\u017eka: 43 &#8211; 28,0cm<\/p>\n<\/div>\n<\/div>\n<\/div>\n<\/div>\n<div class=\"data-table\">\n<div class=\"data-table\">\n<dl class=\"data-sheet\">\n<dt class=\"name\">Uso consigliato<\/dt>\n<dd class=\"value\">Pattinaggio ricreativo, fitness, avanzato, esperto.<\/dd>\n<dt class=\"name\">Categoria<\/dt>\n<dd class=\"value\">Fitness<\/dd>\n<dt class=\"name\">Conchiglia<\/dt>\n<dd class=\"value\">PE\/NYLON, 3 parti, morbido, una fibbia comune, allacciatura con chiusura a patta, spazio anatomico per la caviglia, costruzione altamente rinforzata<\/dd>\n<dt class=\"name\">Materiale interno<\/dt>\n<dd class=\"value\">NYLON\/NYLEX irrigidito, anatomico, rinforzato con parti in PVC. Lacci e fissaggio tramite cintura in velcro, aerazione sulla parte del collo del piede. Costruzione: zona caviglia morbida.<\/dd>\n<dt class=\"name\">Telaio<\/dt>\n<dd class=\"value\">lega speciale di alluminio, in 2 parti, rinforzata mediante stampaggio 3D, sistema di fissaggio alla calotta: telaio di controllo della posizione ideale, finitura superficiale: brillantezza argentata con stampa.<\/dd>\n<dt class=\"name\">Tipo di ruota<\/dt>\n<dd class=\"value\">Ruote standard CATCH, fusione in PU, bassa resistenza al rotolamento<\/dd>\n<dt class=\"name\">Diametro della ruota<\/dt>\n<dd class=\"value\">84 millimetri<\/dd>\n<dt class=\"name\">Durezza della ruota<\/dt>\n<dd class=\"value\">85A<\/dd>\n<dt class=\"name\">Cuscinetti<\/dt>\n<dd class=\"value\">acciaio cromato ABEC 9<\/dd>\n<dt class=\"name\">Freni<\/dt>\n<dd class=\"value\">S\u00cc<\/dd>\n<dt class=\"name\">Sistema di fissaggio<\/dt>\n<dd class=\"value\">Lacci, striscia VELCRO, fibbia reciproca AUTO LOCK<\/dd>\n<dt class=\"name\">Quantit\u00e0 nel cartone<\/dt>\n<dd class=\"value\">6<\/dd>\n<dt class=\"name\">Livello di carico sportivo ottimale<\/dt>\n<dd class=\"value\">4<\/dd>\n<\/dl>\n<\/div>\n<\/div>","protected":false},"excerpt":{"rendered":"<p>Rolerji Tempish WIRE 3.0 black\/blu<\/p>","protected":false},"featured_media":10261,"template":"","meta":{"_acf_changed":false,"inline_featured_image":false,"_monsterinsights_skip_tracking":false,"_monsterinsights_sitenote_active":false,"_monsterinsights_sitenote_note":"","_monsterinsights_sitenote_category":0},"product_brand":[1219],"product_cat":[584],"product_tag":[1201,1218,1224,1223],"class_list":{"0":"post-10259","1":"product","2":"type-product","3":"status-publish","4":"has-post-thumbnail","6":"product_brand-tempish","7":"product_cat-odrasli-rolerji","8":"product_tag-outlet","9":"product_tag-rolerji-tempish","10":"product_tag-tempish-wire","11":"product_tag-tempish-wire-3-0","12":"pa_velikost-43-2","14":"first","15":"instock","16":"sale","17":"taxable","18":"shipping-taxable","19":"purchasable","20":"product-type-variable"},"acf":[],"aioseo_notices":[],"_links":{"self":[{"href":"https:\/\/ritosa.si\/it\/wp-json\/wp\/v2\/product\/10259","targetHints":{"allow":["GET"]}}],"collection":[{"href":"https:\/\/ritosa.si\/it\/wp-json\/wp\/v2\/product"}],"about":[{"href":"https:\/\/ritosa.si\/it\/wp-json\/wp\/v2\/types\/product"}],"wp:featuredmedia":[{"embeddable":true,"href":"https:\/\/ritosa.si\/it\/wp-json\/wp\/v2\/media\/10261"}],"wp:attachment":[{"href":"https:\/\/ritosa.si\/it\/wp-json\/wp\/v2\/media?parent=10259"}],"wp:term":[{"taxonomy":"product_brand","embeddable":true,"href":"https:\/\/ritosa.si\/it\/wp-json\/wp\/v2\/product_brand?post=10259"},{"taxonomy":"product_cat","embeddable":true,"href":"https:\/\/ritosa.si\/it\/wp-json\/wp\/v2\/product_cat?post=10259"},{"taxonomy":"product_tag","embeddable":true,"href":"https:\/\/ritosa.si\/it\/wp-json\/wp\/v2\/product_tag?post=10259"}],"curies":[{"name":"parola chiave","href":"https:\/\/api.w.org\/{rel}","templated":true}]}}