{"id":11545,"date":"2022-10-18T09:26:12","date_gmt":"2022-10-18T09:26:12","guid":{"rendered":"https:\/\/ritosa.click.si\/?post_type=product&#038;p=11545"},"modified":"2026-03-07T16:51:13","modified_gmt":"2026-03-07T15:51:13","slug":"alpina-estetica-q","status":"publish","type":"product","link":"https:\/\/ritosa.si\/it\/negozio\/sciare\/smucarska-oprema\/smucarska-ocala\/odrasla-smucarska-ocala\/alpina-estetica-q\/","title":{"rendered":"Alpina Estetica Q"},"content":{"rendered":"<p>Estetica Q \u00e8 la maschera da sci ideale per teste strette. Grazie a numerose tecnologie di alta qualit\u00e0, offre una visibilit\u00e0 eccezionale e la migliore protezione possibile. Grazie al design senza montatura, il campo visivo \u00e8 enorme. La maschera \u00e8 dotata della tecnologia top di gamma Alpina: Quattroflex. Questa aumenta il contrasto e filtra i riflessi fastidiosi. Il livello di protezione \u00e8 di categoria 2. Il risultato \u00e8 una visibilit\u00e0 ottimale in tutte le condizioni. Il rivestimento Fogstop all&#039;interno previene l&#039;appannamento. La doppia lente \u00e8 infrangibile e offre protezione UV 100%.<\/p>","protected":false},"excerpt":{"rendered":"<p>Odrasla smu\u010darska o\u010dala Alpina Estetica Quattroflex<\/p>","protected":false},"featured_media":11546,"template":"","meta":{"_acf_changed":false,"inline_featured_image":false,"_monsterinsights_skip_tracking":false,"_monsterinsights_sitenote_active":false,"_monsterinsights_sitenote_note":"","_monsterinsights_sitenote_category":0},"product_brand":[678],"product_cat":[606],"product_tag":[],"class_list":{"0":"post-11545","1":"product","2":"type-product","3":"status-publish","4":"has-post-thumbnail","6":"product_brand-alpina","7":"product_cat-odrasla-smucarska-ocala","9":"first","10":"instock","11":"sale","12":"taxable","13":"shipping-taxable","14":"purchasable","15":"product-type-simple"},"acf":[],"aioseo_notices":[],"_links":{"self":[{"href":"https:\/\/ritosa.si\/it\/wp-json\/wp\/v2\/product\/11545","targetHints":{"allow":["GET"]}}],"collection":[{"href":"https:\/\/ritosa.si\/it\/wp-json\/wp\/v2\/product"}],"about":[{"href":"https:\/\/ritosa.si\/it\/wp-json\/wp\/v2\/types\/product"}],"wp:featuredmedia":[{"embeddable":true,"href":"https:\/\/ritosa.si\/it\/wp-json\/wp\/v2\/media\/11546"}],"wp:attachment":[{"href":"https:\/\/ritosa.si\/it\/wp-json\/wp\/v2\/media?parent=11545"}],"wp:term":[{"taxonomy":"product_brand","embeddable":true,"href":"https:\/\/ritosa.si\/it\/wp-json\/wp\/v2\/product_brand?post=11545"},{"taxonomy":"product_cat","embeddable":true,"href":"https:\/\/ritosa.si\/it\/wp-json\/wp\/v2\/product_cat?post=11545"},{"taxonomy":"product_tag","embeddable":true,"href":"https:\/\/ritosa.si\/it\/wp-json\/wp\/v2\/product_tag?post=11545"}],"curies":[{"name":"parola chiave","href":"https:\/\/api.w.org\/{rel}","templated":true}]}}