{"id":11710,"date":"2022-11-25T14:02:59","date_gmt":"2022-11-25T14:02:59","guid":{"rendered":"https:\/\/ritosa.click.si\/?post_type=product&#038;p=11710"},"modified":"2026-03-06T13:06:26","modified_gmt":"2026-03-06T12:06:26","slug":"volkl-racetiger-jr-vmotion-4-5-110","status":"publish","type":"product","link":"https:\/\/ritosa.si\/it\/negozio\/sciare\/sci\/sci-per-bambini\/volkl-racetiger-jr-vmotion-4-5-110\/","title":{"rendered":"V\u00f6lkl Racetiger JR vMotion 4.5 (110)"},"content":{"rendered":"<p><span class=\"HwtZe\" lang=\"sl\" xml:lang=\"sl\"><span class=\"jCAhz ChMk0b\"><span class=\"ryNqvb\">Za najmlaj\u0161e smu\u010darje, ki \u0161e niso pripravljeni na tr\u0161e modele, je Racetiger JR opremljen z vezjo Motion, ki je zdru\u017eljiva z GripWalk, v velikostih od 80 do 160 s kompozitnim jedrom, ki ga je enostavno uporabljati, in sistemom Light Tip Rocker.<\/span><\/span> Lo sci Racetiger JR offre <span class=\"jCAhz ChMk0b\"><span class=\"ryNqvb\">prijetno, mehko vo\u017enja za otroke, ko se u\u010dijo smu\u010dati.<\/span><\/span><\/span><\/p>\n<p><span class=\"HwtZe\" lang=\"sl\" xml:lang=\"sl\"><span class=\"jCAhz ChMk0b\"><span class=\"ryNqvb\"><span class=\"HwtZe\" lang=\"sl\" xml:lang=\"sl\"><span class=\"jCAhz ChMk0b\"><span class=\"ryNqvb\">I sistemi di attacco tradizionali solitamente rinforzano la parte dello sci in cui si trova l&#039;attacco.<\/span><\/span> <span class=\"jCAhz ChMk0b\"><span class=\"ryNqvb\">Sugli sci pi\u00f9 lunghi, questo rappresenta solo un piccolo ostacolo all&#039;esecuzione corretta di una curva carving.<\/span><\/span> <span class=\"jCAhz ChMk0b\"><span class=\"ryNqvb\">Nei modelli di sci per bambini, tuttavia, questa rigidit\u00e0 rappresenta una limitazione importante per la funzionalit\u00e0 complessiva dello sci.<\/span><\/span> I Voelkl<span class=\"jCAhz ChMk0b\"><span class=\"ryNqvb\"> Gli sviluppatori hanno riconosciuto il problema e hanno presentato la versione Junior del sistema di attacchi 3Motion per sci pi\u00f9 corti.<\/span><\/span> <span class=\"jCAhz ChMk0b\"><span class=\"ryNqvb\">Vantaggio: separando le guide di fissaggio in due parti, la versione Junior non interferisce pi\u00f9 con la flessione dello sci in curva.<\/span><\/span> <span class=\"jCAhz ChMk0b\"><span class=\"ryNqvb\">Quando lo sci \u00e8 posizionato sul bordo, crea una curva perfetta e rende la sciata ancora pi\u00f9 facile per i bambini.<\/span><\/span> <span class=\"jCAhz ChMk0b\"><span class=\"ryNqvb\">Allo stesso tempo, il 7.0 vMotion Jr. R soddisfa anche tutti i requisiti tecnici per la massima sicurezza.<\/span><\/span> <span class=\"jCAhz ChMk0b\"><span class=\"ryNqvb\">DIN-ISO: 2.0-7.0<\/span><\/span><\/span><\/span><\/span><\/span><\/p>\n<div class=\"specs-item row\">\n<div class=\"specs-item-label\">\n<p><strong>Rocker<\/strong><\/p>\n<\/div>\n<div class=\"specs-item-value\">\n<p>Tipo Rocker<\/p>\n<\/div>\n<\/div>\n<div class=\"specs-item row\">\n<div class=\"specs-item-label\">\n<p><strong>Nucleo<\/strong><\/p>\n<\/div>\n<div class=\"specs-item-value\">\n<p>Nucleo composito<\/p>\n<\/div>\n<\/div>\n<div class=\"specs-item row\">\n<div class=\"specs-item-label\">\n<p><strong>Base<\/strong><\/p>\n<\/div>\n<div class=\"specs-item-value\">\n<p>CAP V2 \/ P-Tex 2100<\/p>\n<\/div>\n<\/div>","protected":false},"excerpt":{"rendered":"<p>Otro\u0161ke smu\u010di V\u00f6lkl Racetiger JR vMotion 4.5 (110)<\/p>","protected":false},"featured_media":11712,"template":"","meta":{"_acf_changed":false,"inline_featured_image":false,"_monsterinsights_skip_tracking":false,"_monsterinsights_sitenote_active":false,"_monsterinsights_sitenote_note":"","_monsterinsights_sitenote_category":0},"product_brand":[1190],"product_cat":[592],"product_tag":[1198],"class_list":{"0":"post-11710","1":"product","2":"type-product","3":"status-publish","4":"has-post-thumbnail","6":"product_brand-volkl","7":"product_cat-otroske-smuci","8":"product_tag-otroci","9":"pa_velikost-1050","11":"first","12":"instock","13":"sale","14":"taxable","15":"shipping-taxable","16":"purchasable","17":"product-type-variable"},"acf":[],"aioseo_notices":[],"_links":{"self":[{"href":"https:\/\/ritosa.si\/it\/wp-json\/wp\/v2\/product\/11710","targetHints":{"allow":["GET"]}}],"collection":[{"href":"https:\/\/ritosa.si\/it\/wp-json\/wp\/v2\/product"}],"about":[{"href":"https:\/\/ritosa.si\/it\/wp-json\/wp\/v2\/types\/product"}],"wp:featuredmedia":[{"embeddable":true,"href":"https:\/\/ritosa.si\/it\/wp-json\/wp\/v2\/media\/11712"}],"wp:attachment":[{"href":"https:\/\/ritosa.si\/it\/wp-json\/wp\/v2\/media?parent=11710"}],"wp:term":[{"taxonomy":"product_brand","embeddable":true,"href":"https:\/\/ritosa.si\/it\/wp-json\/wp\/v2\/product_brand?post=11710"},{"taxonomy":"product_cat","embeddable":true,"href":"https:\/\/ritosa.si\/it\/wp-json\/wp\/v2\/product_cat?post=11710"},{"taxonomy":"product_tag","embeddable":true,"href":"https:\/\/ritosa.si\/it\/wp-json\/wp\/v2\/product_tag?post=11710"}],"curies":[{"name":"parola chiave","href":"https:\/\/api.w.org\/{rel}","templated":true}]}}