{"id":12582,"date":"2023-12-06T12:30:31","date_gmt":"2023-12-06T12:30:31","guid":{"rendered":"https:\/\/ritosa.click.si\/?post_type=product&#038;p=12582"},"modified":"2026-03-07T11:51:53","modified_gmt":"2026-03-07T10:51:53","slug":"leki-hot-shot","status":"publish","type":"product","link":"https:\/\/ritosa.si\/it\/negozio\/sciare\/smucarska-oprema\/smucarske-palice\/odrasle-smucarske-palice\/leki-hot-shot\/","title":{"rendered":"Leki Hot Shot"},"content":{"rendered":"<p data-start=\"118\" data-end=\"487\">Leki <strong data-start=\"123\" data-end=\"135\">Hot Shot<\/strong> so posebne smu\u010darske palice za alpsko smu\u010danje, ki poleg zanesljive zmogljivosti ponujajo tudi zabavno in prakti\u010dno funkcijo. V ro\u010daju imajo skrit rezervoar za pija\u010do, ki ga preprosto napolnite tako, da odvijete pokrov ro\u010daja. Kapaciteta zna\u0161a od <strong data-start=\"383\" data-end=\"403\">138 ml do 200 ml<\/strong>, odvisno od dol\u017eine palice \u2013 idealno za kratek po\u017eirek med vo\u017enjo ali na sede\u017enici.<\/p>\n<p data-start=\"489\" data-end=\"786\">Palice so izdelane iz kakovostnega <strong data-start=\"524\" data-end=\"545\">aluminija HTS 6.0<\/strong> s premerom cevi <strong data-start=\"562\" data-end=\"571\">16 millimetri<\/strong>, kar zagotavlja dobro razmerje med te\u017eo, trdnostjo in vzdr\u017eljivostjo. Ergonomski ro\u010daj <strong data-start=\"659\" data-end=\"669\">EVOCON<\/strong> z mehko 2K povr\u0161ino nudi dober oprijem, nastavljiv trak <strong data-start=\"726\" data-end=\"733\">PAS<\/strong> pa omogo\u010da udobno uporabo skozi ves dan na smu\u010di\u0161\u010du.<\/p>\n<h4 data-section-id=\"1xgzajh\" data-start=\"793\" data-end=\"818\"><strong data-start=\"797\" data-end=\"818\">Caratteristiche principali<\/strong><\/h4>\n<ul data-start=\"820\" data-end=\"1150\">\n<li data-section-id=\"1up0jnw\" data-start=\"820\" data-end=\"881\">\n<p data-start=\"822\" data-end=\"881\"><strong data-start=\"822\" data-end=\"841\">Hot Shot sistem<\/strong> \u2013 rezervoar za pija\u010do v ro\u010daju palice<\/p>\n<\/li>\n<li data-section-id=\"1t24aea\" data-start=\"882\" data-end=\"939\">\n<p data-start=\"884\" data-end=\"939\"><strong data-start=\"884\" data-end=\"909\">Kapaciteta 138\u2013200 ml<\/strong> (odvisno od dol\u017eine palice)<\/p>\n<\/li>\n<li data-section-id=\"8zcy0\" data-start=\"940\" data-end=\"994\">\n<p data-start=\"942\" data-end=\"994\"><strong data-start=\"942\" data-end=\"962\">Aluminij HTS 6.0<\/strong> \u2013 trdna in lahka konstrukcija<\/p>\n<\/li>\n<li data-section-id=\"1yz222y\" data-start=\"995\" data-end=\"1046\">\n<p data-start=\"997\" data-end=\"1046\"><strong data-start=\"997\" data-end=\"1013\">EVOCON ro\u010daj<\/strong> \u2013 ergonomski in udoben oprijem<\/p>\n<\/li>\n<li data-section-id=\"158p3qg\" data-start=\"1047\" data-end=\"1098\">\n<p data-start=\"1049\" data-end=\"1098\"><strong data-start=\"1049\" data-end=\"1061\">PAS trak<\/strong> \u2013 nastavljiv trak za varno dr\u017eanje<\/p>\n<\/li>\n<li data-section-id=\"f55qg1\" data-start=\"1099\" data-end=\"1150\">\n<p data-start=\"1101\" data-end=\"1150\"><strong data-start=\"1101\" data-end=\"1119\">Punta in acciaio<\/strong> \u2013 zanesljiv oprijem na snegu<\/p>\n<\/li>\n<\/ul>\n<h4 data-section-id=\"iz2t3m\" data-start=\"1157\" data-end=\"1187\"><strong data-start=\"1161\" data-end=\"1187\">Specifiche tecniche<\/strong><\/h4>\n<div class=\"TyagGW_tableContainer\">\n<div class=\"group TyagGW_tableWrapper flex flex-col-reverse w-fit\">\n<table class=\"w-fit min-w-(--thread-content-width)\" data-start=\"1189\" data-end=\"1492\">\n<thead data-start=\"1189\" data-end=\"1211\">\n<tr data-start=\"1189\" data-end=\"1211\">\n<th class=\"\" data-start=\"1189\" data-end=\"1200\" data-col-size=\"sm\">Lastnost<\/th>\n<th class=\"\" data-start=\"1200\" data-end=\"1211\" data-col-size=\"sm\">Podatek<\/th>\n<\/tr>\n<\/thead>\n<tbody data-start=\"1222\" data-end=\"1492\">\n<tr data-start=\"1222\" data-end=\"1253\">\n<td data-start=\"1222\" data-end=\"1234\" data-col-size=\"sm\">Attivit\u00e0<\/td>\n<td data-start=\"1234\" data-end=\"1253\" data-col-size=\"sm\">Sci alpino<\/td>\n<\/tr>\n<tr data-start=\"1254\" data-end=\"1271\">\n<td data-start=\"1254\" data-end=\"1261\" data-col-size=\"sm\">Genere<\/td>\n<td data-start=\"1261\" data-end=\"1271\" data-col-size=\"sm\">Unisex<\/td>\n<\/tr>\n<tr data-start=\"1272\" data-end=\"1303\">\n<td data-start=\"1272\" data-end=\"1292\" data-col-size=\"sm\">Fascia d&#039;et\u00e0<\/td>\n<td data-start=\"1292\" data-end=\"1303\" data-col-size=\"sm\">Adulti<\/td>\n<\/tr>\n<tr data-start=\"1304\" data-end=\"1337\">\n<td data-start=\"1304\" data-end=\"1319\" data-col-size=\"sm\">Costruzione<\/td>\n<td data-start=\"1319\" data-end=\"1337\" data-col-size=\"sm\">Lunghezza fissa<\/td>\n<\/tr>\n<tr data-start=\"1338\" data-end=\"1369\">\n<td data-start=\"1338\" data-end=\"1349\" data-col-size=\"sm\">Materiale<\/td>\n<td data-start=\"1349\" data-end=\"1369\" data-col-size=\"sm\">Aluminij HTS 6.0<\/td>\n<\/tr>\n<tr data-start=\"1370\" data-end=\"1393\">\n<td data-start=\"1370\" data-end=\"1384\" data-col-size=\"sm\">Diametro del tubo<\/td>\n<td data-start=\"1384\" data-end=\"1393\" data-col-size=\"sm\">16 millimetri<\/td>\n<\/tr>\n<tr data-start=\"1394\" data-end=\"1420\">\n<td data-start=\"1394\" data-end=\"1401\" data-col-size=\"sm\">Peso<\/td>\n<td data-start=\"1401\" data-end=\"1420\" data-col-size=\"sm\">pribli\u017eno 275 g<\/td>\n<\/tr>\n<tr data-start=\"1421\" data-end=\"1448\">\n<td data-start=\"1421\" data-end=\"1429\" data-col-size=\"sm\">Maniglia<\/td>\n<td data-start=\"1429\" data-end=\"1448\" data-col-size=\"sm\">EVOCON, 2K Soft<\/td>\n<\/tr>\n<tr data-start=\"1449\" data-end=\"1471\">\n<td data-start=\"1449\" data-end=\"1464\" data-col-size=\"sm\">Sistem traku<\/td>\n<td data-start=\"1464\" data-end=\"1471\" data-col-size=\"sm\">PAS<\/td>\n<\/tr>\n<tr data-start=\"1472\" data-end=\"1492\">\n<td data-start=\"1472\" data-end=\"1481\" data-col-size=\"sm\">Mancia<\/td>\n<td data-start=\"1481\" data-end=\"1492\" data-col-size=\"sm\">jeklena<\/td>\n<\/tr>\n<\/tbody>\n<\/table>\n<\/div>\n<\/div>\n<p data-start=\"1494\" data-end=\"1534\"><strong data-start=\"1494\" data-end=\"1534\">Velikosti in kapaciteta:<\/strong><\/p>\n<ul data-start=\"1536\" data-end=\"1655\">\n<li data-section-id=\"129aqfy\" data-start=\"1536\" data-end=\"1555\">\n<p data-start=\"1538\" data-end=\"1555\">110 cm \u2013 138 ml<\/p>\n<\/li>\n<li data-section-id=\"htmul3\" data-start=\"1556\" data-end=\"1575\">\n<p data-start=\"1558\" data-end=\"1575\">115 cm \u2013 152 ml<\/p>\n<\/li>\n<li data-section-id=\"1gpgliu\" data-start=\"1576\" data-end=\"1595\">\n<p data-start=\"1578\" data-end=\"1595\">120 cm \u2013 166 ml<\/p>\n<\/li>\n<li data-section-id=\"1subm4c\" data-start=\"1596\" data-end=\"1615\">\n<p data-start=\"1598\" data-end=\"1615\">125 cm \u2013 178 ml<\/p>\n<\/li>\n<li data-section-id=\"danr2v\" data-start=\"1616\" data-end=\"1635\">\n<p data-start=\"1618\" data-end=\"1635\">130 cm \u2013 188 ml<\/p>\n<\/li>\n<li data-section-id=\"1hrw241\" data-start=\"1636\" data-end=\"1655\">\n<p data-start=\"1638\" data-end=\"1655\">135 cm \u2013 200 ml<\/p>\n<\/li>\n<\/ul>","protected":false},"excerpt":{"rendered":"<p>Smu\u010darske palice Leki Hot Shot z inovativno funkcijo za hitro osve\u017eitev na smu\u010di\u0161\u010du.<\/p>","protected":false},"featured_media":21041,"template":"","meta":{"_acf_changed":false,"inline_featured_image":false,"_monsterinsights_skip_tracking":false,"_monsterinsights_sitenote_active":false,"_monsterinsights_sitenote_note":"","_monsterinsights_sitenote_category":0},"product_brand":[691],"product_cat":[597],"product_tag":[],"class_list":{"0":"post-12582","1":"product","2":"type-product","3":"status-publish","4":"has-post-thumbnail","6":"product_brand-leki","7":"product_cat-odrasle-smucarske-palice","8":"pa_velikost-790","10":"first","11":"instock","12":"sale","13":"taxable","14":"shipping-taxable","15":"purchasable","16":"product-type-variable"},"acf":[],"aioseo_notices":[],"_links":{"self":[{"href":"https:\/\/ritosa.si\/it\/wp-json\/wp\/v2\/product\/12582","targetHints":{"allow":["GET"]}}],"collection":[{"href":"https:\/\/ritosa.si\/it\/wp-json\/wp\/v2\/product"}],"about":[{"href":"https:\/\/ritosa.si\/it\/wp-json\/wp\/v2\/types\/product"}],"wp:featuredmedia":[{"embeddable":true,"href":"https:\/\/ritosa.si\/it\/wp-json\/wp\/v2\/media\/21041"}],"wp:attachment":[{"href":"https:\/\/ritosa.si\/it\/wp-json\/wp\/v2\/media?parent=12582"}],"wp:term":[{"taxonomy":"product_brand","embeddable":true,"href":"https:\/\/ritosa.si\/it\/wp-json\/wp\/v2\/product_brand?post=12582"},{"taxonomy":"product_cat","embeddable":true,"href":"https:\/\/ritosa.si\/it\/wp-json\/wp\/v2\/product_cat?post=12582"},{"taxonomy":"product_tag","embeddable":true,"href":"https:\/\/ritosa.si\/it\/wp-json\/wp\/v2\/product_tag?post=12582"}],"curies":[{"name":"parola chiave","href":"https:\/\/api.w.org\/{rel}","templated":true}]}}