{"id":13084,"date":"2024-10-10T16:22:18","date_gmt":"2024-10-10T16:22:18","guid":{"rendered":"https:\/\/ritosa.click.si\/?post_type=product&#038;p=13084"},"modified":"2025-09-16T17:35:33","modified_gmt":"2025-09-16T15:35:33","slug":"kryptonite-alley-f-800","status":"publish","type":"product","link":"https:\/\/ritosa.si\/it\/negozio\/kolesarstvo\/kolesarska-oprema\/dodatna-oprema-in-rezervni-deli\/luci-zarometi\/kryptonite-alley-f-800\/","title":{"rendered":"Luce KRYPTONITE ALLEY F-800"},"content":{"rendered":"<ul>\n<li>RICARICA USB: nessuna batteria da acquistare o sostituire<\/li>\n<li>Tempo di funzionamento fino a 24 ORE<\/li>\n<li>Le luci laterali consentono al ciclista di essere visto mentre pedala nelle corsie di traffico<\/li>\n<li>La spia della funzione di memoria si accender\u00e0 nell&#039;ultima modalit\u00e0 in cui \u00e8 stata spenta.<\/li>\n<li>Funzione di risparmio energetico: con potenza pari o inferiore a 10 %, le luci passano automaticamente al lumen pi\u00f9 basso<\/li>\n<li>Indicatore di batteria integrato: illuminazione rossa = meno di 25%, gialla = 50% \u2013 25%, verde = completamente carica<\/li>\n<li>https:\/\/youtu.be\/YaQg4bGvL5o<\/li>\n<\/ul>","protected":false},"excerpt":{"rendered":"<p>Luce anteriore KRYPTONITE ALLEY F-800<\/p>","protected":false},"featured_media":13085,"template":"","meta":{"_acf_changed":false,"inline_featured_image":false,"_monsterinsights_skip_tracking":false,"_monsterinsights_sitenote_active":false,"_monsterinsights_sitenote_note":"","_monsterinsights_sitenote_category":0},"product_brand":[1519],"product_cat":[534],"product_tag":[1525,1536,1537,1516,1538],"class_list":{"0":"post-13084","1":"product","2":"type-product","3":"status-publish","4":"has-post-thumbnail","6":"product_brand-kryptonite","7":"product_cat-luci-zarometi","8":"product_tag-kryptonite","9":"product_tag-kryptonite-alley-f-800","10":"product_tag-luc-za-kolo","11":"product_tag-luci-kryptonite","12":"product_tag-zadnja-luc-za-na-kolo","14":"first","15":"instock","16":"sale","17":"taxable","18":"shipping-taxable","19":"purchasable","20":"product-type-simple"},"acf":[],"aioseo_notices":[],"_links":{"self":[{"href":"https:\/\/ritosa.si\/it\/wp-json\/wp\/v2\/product\/13084","targetHints":{"allow":["GET"]}}],"collection":[{"href":"https:\/\/ritosa.si\/it\/wp-json\/wp\/v2\/product"}],"about":[{"href":"https:\/\/ritosa.si\/it\/wp-json\/wp\/v2\/types\/product"}],"wp:featuredmedia":[{"embeddable":true,"href":"https:\/\/ritosa.si\/it\/wp-json\/wp\/v2\/media\/13085"}],"wp:attachment":[{"href":"https:\/\/ritosa.si\/it\/wp-json\/wp\/v2\/media?parent=13084"}],"wp:term":[{"taxonomy":"product_brand","embeddable":true,"href":"https:\/\/ritosa.si\/it\/wp-json\/wp\/v2\/product_brand?post=13084"},{"taxonomy":"product_cat","embeddable":true,"href":"https:\/\/ritosa.si\/it\/wp-json\/wp\/v2\/product_cat?post=13084"},{"taxonomy":"product_tag","embeddable":true,"href":"https:\/\/ritosa.si\/it\/wp-json\/wp\/v2\/product_tag?post=13084"}],"curies":[{"name":"parola chiave","href":"https:\/\/api.w.org\/{rel}","templated":true}]}}