{"id":13498,"date":"2024-12-02T11:40:04","date_gmt":"2024-12-02T11:40:04","guid":{"rendered":"https:\/\/ritosa.click.si\/?post_type=product&#038;p=13498"},"modified":"2026-03-05T17:46:09","modified_gmt":"2026-03-05T16:46:09","slug":"elan-rc-magic-jrs-130-150-2","status":"publish","type":"product","link":"https:\/\/ritosa.si\/it\/negozio\/sciare\/sci\/sci-per-bambini\/elan-rc-magic-jrs-130-150-2\/","title":{"rendered":"Elan RC MAGIC JRS (130-150)"},"content":{"rendered":"<div class=\"product attribute overview\">\n<div class=\"value\">Progettato per le giovani sciatrici di talento, l&#039;RC Magic offre il perfetto equilibrio tra flessibilit\u00e0, stabilit\u00e0 torsionale e tenuta di spigolo.<\/div>\n<\/div>\n<div class=\"product attribute description\">\n<div class=\"value\"><\/div>\n<div class=\"value\">I bambini sono il nostro futuro. I loro primi passi sugli sci sono cruciali per lo sviluppo futuro di conoscenze e abilit\u00e0. Il passo successivo \u00e8 uno sci pi\u00f9 robusto che permetta ai giovani sciatori di sfrecciare sulla neve con facilit\u00e0 e sicurezza. Abbiamo sviluppato gli RS Magic pensando ai giovani sciatori pi\u00f9 esperti. Questi sono i nostri migliori sci per bambini con anima in legno e fianchi con tecnologia Channel, che offrono la combinazione ottimale di comfort, flessibilit\u00e0, stabilit\u00e0 torsionale e tenuta di spigolo. Gli RS Race Red ereditano gli elementi grafici del modello Speed Magic, in modo che le figlie possano sciare proprio come le mamme.<\/div>\n<\/div>\n<div class=\"product attribute description\">\n<div class=\"value\">\n<div class=\"pdp-attributes__trigger\">\n<h3 class=\"pdp-attributes__title\">GUIDA TAGLIE<\/h3>\n<\/div>\n<div class=\"pdp-attributes__content\">\n<table class=\"pdp-attributes__size-guide\">\n<thead>\n<tr>\n<th>Altezza dello sciatore<\/th>\n<th>Lunghezza dello sci<\/th>\n<\/tr>\n<\/thead>\n<tbody>\n<tr>\n<td>130 \u2013 138 centimetri<\/td>\n<td>130<\/td>\n<\/tr>\n<tr>\n<td>140 \u2013 148 centimetri<\/td>\n<td>140<\/td>\n<\/tr>\n<tr>\n<td>150 \u2013 158 centimetri<\/td>\n<td>150<\/td>\n<\/tr>\n<\/tbody>\n<\/table>\n<h3>INFORMAZIONI TECNICHE<\/h3>\n<table style=\"height: 151px\" width=\"429\">\n<tbody>\n<tr>\n<td><\/td>\n<td>130 centimetri<\/td>\n<td>140 centimetri<\/td>\n<td>150 cm<\/td>\n<\/tr>\n<tr>\n<td>Raggio<\/td>\n<td>9<\/td>\n<td>10.4<\/td>\n<td>11.9<\/td>\n<\/tr>\n<tr>\n<td>Larghezza della punta dello sci<\/td>\n<td>115<\/td>\n<td>116<\/td>\n<td>118<\/td>\n<\/tr>\n<tr>\n<td>Larghezza della parte centrale dello sci<\/td>\n<td>71<\/td>\n<td>71<\/td>\n<td>72<\/td>\n<\/tr>\n<tr>\n<td>Larghezza della coda dello sci<\/td>\n<td>101<\/td>\n<td>102<\/td>\n<td>102<\/td>\n<\/tr>\n<\/tbody>\n<\/table>\n<h3>DETTAGLI<\/h3>\n<table>\n<tbody>\n<tr>\n<td>Codice<\/td>\n<td>AEMLJX24<\/td>\n<\/tr>\n<tr>\n<td>Legame<\/td>\n<td>EL 4,5 GW CA JRS NERO \/ EL 7,5 GW CA JRS NERO<\/td>\n<\/tr>\n<tr>\n<td>Lunghezza\/Raggio<\/td>\n<td>140 (10.4)<\/td>\n<\/tr>\n<tr>\n<td>Sistema<\/td>\n<td>Junior Shift<\/td>\n<\/tr>\n<tr>\n<td>Profilo<\/td>\n<td>Camber<\/td>\n<\/tr>\n<tr>\n<td>Frastuono<\/td>\n<td>0,75 \u2013 4,5 \/ 2 \u2013 7,5<\/td>\n<\/tr>\n<tr>\n<td>Tecnologia<\/td>\n<td>base di scorrimento ad alta velocit\u00e0, fibra di vetro, anima in legno a canale, fiancata EST<\/td>\n<\/tr>\n<\/tbody>\n<\/table>\n<\/div>\n<\/div>\n<\/div>","protected":false},"excerpt":{"rendered":"<p>Elan RC MAGIC JRS (130-150)<\/p>\n<p>Progettato per le giovani sciatrici di talento, l&#039;RC Magic offre il perfetto equilibrio tra flessibilit\u00e0, stabilit\u00e0 torsionale e tenuta di spigolo.<\/p>","protected":false},"featured_media":13500,"template":"","meta":{"_acf_changed":false,"inline_featured_image":false,"_monsterinsights_skip_tracking":false,"_monsterinsights_sitenote_active":false,"_monsterinsights_sitenote_note":"","_monsterinsights_sitenote_category":0},"product_brand":[677],"product_cat":[592],"product_tag":[1198],"class_list":{"0":"post-13498","1":"product","2":"type-product","3":"status-publish","4":"has-post-thumbnail","6":"product_brand-elan","7":"product_cat-otroske-smuci","8":"product_tag-otroci","9":"pa_velikost-130-3","10":"pa_velikost-719","12":"first","13":"instock","14":"sale","15":"taxable","16":"shipping-taxable","17":"purchasable","18":"product-type-variable"},"acf":[],"aioseo_notices":[],"_links":{"self":[{"href":"https:\/\/ritosa.si\/it\/wp-json\/wp\/v2\/product\/13498","targetHints":{"allow":["GET"]}}],"collection":[{"href":"https:\/\/ritosa.si\/it\/wp-json\/wp\/v2\/product"}],"about":[{"href":"https:\/\/ritosa.si\/it\/wp-json\/wp\/v2\/types\/product"}],"wp:featuredmedia":[{"embeddable":true,"href":"https:\/\/ritosa.si\/it\/wp-json\/wp\/v2\/media\/13500"}],"wp:attachment":[{"href":"https:\/\/ritosa.si\/it\/wp-json\/wp\/v2\/media?parent=13498"}],"wp:term":[{"taxonomy":"product_brand","embeddable":true,"href":"https:\/\/ritosa.si\/it\/wp-json\/wp\/v2\/product_brand?post=13498"},{"taxonomy":"product_cat","embeddable":true,"href":"https:\/\/ritosa.si\/it\/wp-json\/wp\/v2\/product_cat?post=13498"},{"taxonomy":"product_tag","embeddable":true,"href":"https:\/\/ritosa.si\/it\/wp-json\/wp\/v2\/product_tag?post=13498"}],"curies":[{"name":"parola chiave","href":"https:\/\/api.w.org\/{rel}","templated":true}]}}