{"id":14126,"date":"2025-04-01T11:37:19","date_gmt":"2025-04-01T11:37:19","guid":{"rendered":"https:\/\/ritosa.click.si\/?post_type=product&#038;p=14126"},"modified":"2026-03-14T17:27:55","modified_gmt":"2026-03-14T16:27:55","slug":"head-x-rubi-i-2","status":"publish","type":"product","link":"https:\/\/ritosa.si\/it\/negozio\/kolesarstvo\/kolesa\/gorska-kolesa\/zenska-gorska-kolesa\/head-x-rubi-i-2\/","title":{"rendered":"HEAD X-Rubi I"},"content":{"rendered":"<p>La X-Rubi I \u00e8 una mountain bike da 29 pollici progettata per una guida dinamica su sentieri forestali e di montagna. A prima vista, colpisce per il suo design moderno e la geometria ben studiata, che consente una posizione di guida stabile e un trasferimento di potenza efficiente sia in salita che in discesa. Le ruote pi\u00f9 grandi smorzano efficacemente le vibrazioni e assorbono le asperit\u00e0, rendendo la bici pi\u00f9 facile da spingere, quindi la bici si comporta bene su tutti i terreni. Nelle discese pi\u00f9 impegnative, la sospensione anteriore fornir\u00e0 un supporto aggiuntivo. La bici \u00e8 dotata di una forcella ammortizzata Zoom Vaxa di alta qualit\u00e0, un deragliatore posteriore Shimano Alivio e affidabili freni a disco idraulici Clarks.<\/p>\n<h3><strong>SPECIFICHE<\/strong><\/h3>\n<ul>\n<li>Telaio: Alluminio, misure: 44\/48\/52\/56 cm, tubi a doppio spessore, cavi instradati internamente, tubi idroformati, trattati termicamente<\/li>\n<li>Forcella: Zoom Vaxa 32S 860S AIR<\/li>\n<li>Corsa: 100 mm, blocco, TPR, sospensione pneumatica (AIR)<\/li>\n<li>Cuscinetto dello sterzo: Neco H398, cuscinetti sigillati<\/li>\n<li>Deragliatore posteriore: Shimano Alivio RDM3100, 9 velocit\u00e0, versione shadow<\/li>\n<li>Deragliatore anteriore: Shimano Alivio FDM3120 side-swing<\/li>\n<li>Comandi cambio: Shimano Alivio SLM3100, 2\u00d79 rapporti<\/li>\n<li>Guarnitura: Prowheel MPL<\/li>\n<li>Corone: 36-22, lunghezza: 175 mm<\/li>\n<li>Catena: KMC X9<\/li>\n<li>Cerchi: RRX, 32 fori<\/li>\n<li>Mozzo anteriore: HBC, QR, 100 mm<\/li>\n<li>Mozzo posteriore: HBC, QR, 135 mm<\/li>\n<li>Pneumatici: CST Caballero, 29\u00d72.1\u201d<\/li>\n<li>Freni: Clarks M2<\/li>\n<li>Disco freno: 180\/160 mm<\/li>\n<li>Manubrio: HBC PRO, Larghezza: 720 mm, 31,8 mm<\/li>\n<li>Attacco manubrio: HBC PRO, Lunghezza: 44 cm \u2013 70 mm, 48 cm \u2013 80 mm, 52 cm \u2013 90 mm, 56 cm \u2013 100 mm, 31,8 mm<\/li>\n<li>Reggisella: HBC Pro VL-3381, guarnitura: Cr-Mo<\/li>\n<li>Reggisella: HBC PRO, Lunghezza: 44, 48 cm \u2013 350 mm, 52, 56 cm \u2013 400 mm, 31,6 mm<\/li>\n<li>Pedali: Wellgo M272T DU<\/li>\n<\/ul>","protected":false},"excerpt":{"rendered":"<p>Mountain bike Head X-Rubi I<\/p>\n<ul>\n<li><strong>Telaio:<\/strong> Alluminio, misure: 44\/48\/52\/56 cm<\/li>\n<li><strong>Forchette:<\/strong> Zoom Vaxa 32S 860S AIR<\/li>\n<li><strong>Deragliatore posteriore:<\/strong> Shimano Alivio RDM3100<\/li>\n<li><strong>Ruote:<\/strong> 29\u2033<\/li>\n<li><strong>Peso:<\/strong> 13,9 kg<\/li>\n<\/ul>","protected":false},"featured_media":14128,"template":"","meta":{"_acf_changed":false,"inline_featured_image":false,"_monsterinsights_skip_tracking":false,"_monsterinsights_sitenote_active":false,"_monsterinsights_sitenote_note":"","_monsterinsights_sitenote_category":0},"product_brand":[1193],"product_cat":[488,572],"product_tag":[],"class_list":{"0":"post-14126","1":"product","2":"type-product","3":"status-publish","4":"has-post-thumbnail","6":"product_brand-head","7":"product_cat-gorska-kolesa","8":"product_cat-zenska-gorska-kolesa","9":"pa_velikost-m","11":"first","12":"instock","13":"sale","14":"taxable","15":"shipping-taxable","16":"purchasable","17":"product-type-variable"},"acf":[],"aioseo_notices":[],"_links":{"self":[{"href":"https:\/\/ritosa.si\/it\/wp-json\/wp\/v2\/product\/14126","targetHints":{"allow":["GET"]}}],"collection":[{"href":"https:\/\/ritosa.si\/it\/wp-json\/wp\/v2\/product"}],"about":[{"href":"https:\/\/ritosa.si\/it\/wp-json\/wp\/v2\/types\/product"}],"wp:featuredmedia":[{"embeddable":true,"href":"https:\/\/ritosa.si\/it\/wp-json\/wp\/v2\/media\/14128"}],"wp:attachment":[{"href":"https:\/\/ritosa.si\/it\/wp-json\/wp\/v2\/media?parent=14126"}],"wp:term":[{"taxonomy":"product_brand","embeddable":true,"href":"https:\/\/ritosa.si\/it\/wp-json\/wp\/v2\/product_brand?post=14126"},{"taxonomy":"product_cat","embeddable":true,"href":"https:\/\/ritosa.si\/it\/wp-json\/wp\/v2\/product_cat?post=14126"},{"taxonomy":"product_tag","embeddable":true,"href":"https:\/\/ritosa.si\/it\/wp-json\/wp\/v2\/product_tag?post=14126"}],"curies":[{"name":"parola chiave","href":"https:\/\/api.w.org\/{rel}","templated":true}]}}