{"id":14233,"date":"2025-04-30T14:10:40","date_gmt":"2025-04-30T14:10:40","guid":{"rendered":"https:\/\/ritosa.click.si\/?post_type=product&#038;p=14233"},"modified":"2026-03-14T09:51:52","modified_gmt":"2026-03-14T08:51:52","slug":"specialized-riprock-20-2025","status":"publish","type":"product","link":"https:\/\/ritosa.si\/it\/negozio\/kolesarstvo\/kolesa\/otroska-kolesa\/20\/specialized-riprock-20-2025\/","title":{"rendered":"Specialized Riprock 20&#8221;"},"content":{"rendered":"<p>Libert\u00e0 significa assenza di paura. E pedalare senza paura \u00e8 possibile solo su una bici che sa seguire l&#039;immaginazione di tuo figlio. Ecco perch\u00e9 abbiamo progettato la Riprock come una mountain bike dotata di tutte le caratteristiche necessarie per una guida senza compromessi: geometria moderna, pneumatici Ground Control, freni a disco idraulici e passaggio cavi interno. Abbiamo aggiunto una trasmissione con una gamma di rapporti pi\u00f9 ampia per aiutarti a conquistare salite e discese in tutta sicurezza.<\/p>\n<p>Riprock 20 je\u00a0prilagojen otro\u0161ki anatomiji\u00a0\u2013 od oprijema do sede\u017ea \u2013 s poudarkom na udobju, ki zagotavlja samozavestno vo\u017enjo. Prilagojen je potrebam mladih kolesarjev, tako da bo va\u0161a mala pustolovka ali pustolovec u\u017eival\/a v vsakem trenutku na poti.<\/p>\n<h3><strong>Specifiche tecniche<\/strong><\/h3>\n<ul>\n<li>Telaio: alluminio A1 Premium Butted, telaio unisex, passaggio interno, perno passante da 148 mm, predisposizione per reggisella da 30,9 mm, compatibile con forcellino del deragliatore intercambiabile<\/li>\n<li>Morsetto reggisella: bullone, 34,9 mm<\/li>\n<li>Forcella: A1 Premium Butted Aluminum, sterzo in alluminio, 15\u00d7110 mm, con mini parafango<\/li>\n<li>Freno anteriore: Promax DSK-926, disco idraulico, rotore da 160 mm, portata regolabile<\/li>\n<li>Freno posteriore: Promax DSK-926, disco idraulico, rotore da 160 mm, portata regolabile<\/li>\n<li>Leva del cambio: MicroSHIFT SL-M6285-SR, 8 velocit\u00e0, portata corta, per manubri da 19 mm, con indicatore di marcia, non compatibile con Shimano<\/li>\n<li>Deragliatore posteriore: MicroSHIFT RD-M5185S, gabbia corta, con tenditore<\/li>\n<li>Cassetta: microSHIFT CS-H083, 11-38T, 8 velocit\u00e0<\/li>\n<li>Catena: KMC X8 con Missing Link\u2122<\/li>\n<li>Guarnitura: lega forgiata, lunghezza 115 mm, fattore Q pi\u00f9 stretto, con paracatena<\/li>\n<li>Corona: 40 denti<\/li>\n<li>Movimento centrale: Cono quadrato, 68 mm<\/li>\n<li>Cerchi: Alluminio, profondit\u00e0 16 mm, larghezza interna 25 mm, 28 fori<\/li>\n<li>Mozzo anteriore: alluminio, 6 bulloni, 28 fori, 15\u00d7110 Boost<\/li>\n<li>Mozzo posteriore: alluminio, 6 bulloni, 28 fori, 12\u00d7148 Boost, compatibile con 11 velocit\u00e0<\/li>\n<li>Raggi: Acciaio inossidabile, spessore 14 g<\/li>\n<li>Pneumatici: Ground Control Sport, 20\u00d72.35\u2033<\/li>\n<li>Camere d&#039;aria: valvola Schrader<\/li>\n<li>Attacco manubrio: Stout, lega forgiata 3D, 31,8 mm, inclinazione 6\u00b0<\/li>\n<li>Manubrio: Mini Rise, alluminio a doppia parete, angolo di inclinazione di 6\u00b0, larghezza 600 mm, diametro 31,8 mm, forcellini da 19 mm<\/li>\n<li>Manopole: Specialized Trail Grips, diametro 19 mm, con blocco<\/li>\n<li>Sedile: seggiolino per bambini Kids Bridge, larghezza 130 mm<\/li>\n<li>Reggisella: Specialized, alluminio 6061, doppio bullone, senza offset, diametro 30,9 mm<\/li>\n<li>Pedale: pedale in nylon con catarifrangenti<\/li>\n<li>Peso: 9,79 kg<\/li>\n<\/ul>","protected":false},"excerpt":{"rendered":"<p>Mountain bike per bambini Specialized Riprock 20&quot; - 8 marce<\/p>\n<ul>\n<li>Telaio: alluminio A1 Premium Butted, telaio unisex, passaggio interno, perno passante da 148 mm, predisposizione per reggisella da 30,9 mm, compatibile con forcellino del deragliatore intercambiabile<\/li>\n<li>Freni: Promax DSK-926, freni a disco idraulici, rotore da 160 mm, portata regolabile<\/li>\n<li>Peso: 9,79 kg<\/li>\n<\/ul>","protected":false},"featured_media":14234,"template":"","meta":{"_acf_changed":false,"inline_featured_image":false,"_monsterinsights_skip_tracking":false,"_monsterinsights_sitenote_active":false,"_monsterinsights_sitenote_note":"","_monsterinsights_sitenote_category":0},"product_brand":[673],"product_cat":[646],"product_tag":[1198,1202,1007],"class_list":{"0":"post-14233","1":"product","2":"type-product","3":"status-publish","4":"has-post-thumbnail","6":"product_brand-specialized","7":"product_cat-646","8":"product_tag-otroci","9":"product_tag-otroska-kolesa","10":"product_tag-otrosko-kolo","12":"first","13":"instock","14":"sale","15":"taxable","16":"shipping-taxable","17":"purchasable","18":"product-type-simple"},"acf":[],"aioseo_notices":[],"_links":{"self":[{"href":"https:\/\/ritosa.si\/it\/wp-json\/wp\/v2\/product\/14233","targetHints":{"allow":["GET"]}}],"collection":[{"href":"https:\/\/ritosa.si\/it\/wp-json\/wp\/v2\/product"}],"about":[{"href":"https:\/\/ritosa.si\/it\/wp-json\/wp\/v2\/types\/product"}],"wp:featuredmedia":[{"embeddable":true,"href":"https:\/\/ritosa.si\/it\/wp-json\/wp\/v2\/media\/14234"}],"wp:attachment":[{"href":"https:\/\/ritosa.si\/it\/wp-json\/wp\/v2\/media?parent=14233"}],"wp:term":[{"taxonomy":"product_brand","embeddable":true,"href":"https:\/\/ritosa.si\/it\/wp-json\/wp\/v2\/product_brand?post=14233"},{"taxonomy":"product_cat","embeddable":true,"href":"https:\/\/ritosa.si\/it\/wp-json\/wp\/v2\/product_cat?post=14233"},{"taxonomy":"product_tag","embeddable":true,"href":"https:\/\/ritosa.si\/it\/wp-json\/wp\/v2\/product_tag?post=14233"}],"curies":[{"name":"parola chiave","href":"https:\/\/api.w.org\/{rel}","templated":true}]}}