{"id":14249,"date":"2025-05-05T21:03:27","date_gmt":"2025-05-05T21:03:27","guid":{"rendered":"https:\/\/ritosa.click.si\/?post_type=product&#038;p=14249"},"modified":"2026-03-24T16:10:10","modified_gmt":"2026-03-24T15:10:10","slug":"alpina-roca","status":"publish","type":"product","link":"https:\/\/ritosa.si\/it\/negozio\/kolesarstvo\/kolesarska-oprema\/kolesarske-celade\/odrasle-kolesarske-celade\/alpina-roca\/","title":{"rendered":"Alpina Roca"},"content":{"rendered":"<p>L&#039;Alpina ROCA \u00e8 un casco integrale da ciclismo per percorsi di montagna impegnativi, ricchi di radici e pietre, che possono rivelarsi piuttosto insidiosi. Il casco con mentoniera e un robusto cinturino DD offrono una protezione ottimale che protegge la testa dal basso e dai lati. Il casco Alpina ROCA \u00e8 facile e comodo da indossare, grazie al peso ridotto di 790 g e alla visiera integrata che protegge da sole, fango e pietre. Le imbottiture integrate garantiscono la vestibilit\u00e0 del casco ROCA per ogni ciclista.<\/p>\n<ul>\n<li>Inmold Tec: nei caschi INMOLD, lo strato interno viene convertito in schiuma ad alta pressione e calore e incollato sotto lo strato esterno. Poich\u00e9 le parti interne ed esterne sono completamente collegate, i caschi INMOLD sono estremamente stabili e molto leggeri. Offrono inoltre una sicurezza significativamente maggiore rispetto ai caschi con incollaggio puntuale.<\/li>\n<li>HI-EPS: Lo stampo interno dei caschi Alpina \u00e8 realizzato in HI-EPS (polistirene espandibile). Questo materiale \u00e8 composto da microscopici spazi d&#039;aria che assorbono efficacemente le forze generate dall&#039;impatto.<\/li>\n<li>Calotta in ceramica: \u00e8 il nome della calotta esterna di tutti i caschi Alpina realizzata con il processo Inmold. \u00c8 un materiale sottile e leggero, estremamente resistente agli urti e ai graffi, contiene stabilizzatori UV ed \u00e8 antistatico.<\/li>\n<li>Edge Protect: uno strato protettivo che rende il casco pi\u00f9 resistente a rotture e graffi e offre una protezione aggiuntiva contro le influenze esterne durante l&#039;uso frequente<\/li>\n<li>Fidlock: fibbia magnetica per fissare il casco sotto il mento, offre un fissaggio pi\u00f9 rapido<\/li>\n<li>DD-Ring \u2013 cinghia di fissaggio robusta con doppia chiusura<\/li>\n<li>15 aperture di ventilazione garantiscono un flusso d&#039;aria ideale all&#039;interno<\/li>\n<li>Cam Ready: spazio aggiuntivo per l&#039;installazione della telecamera<\/li>\n<\/ul>","protected":false},"excerpt":{"rendered":"<p>Casco integrale da ciclismo ALPINA ROCA<\/p>","protected":false},"featured_media":14252,"template":"","meta":{"_acf_changed":false,"inline_featured_image":false,"_monsterinsights_skip_tracking":false,"_monsterinsights_sitenote_active":false,"_monsterinsights_sitenote_note":"","_monsterinsights_sitenote_category":0},"product_brand":[678],"product_cat":[662],"product_tag":[1201],"class_list":{"0":"post-14249","1":"product","2":"type-product","3":"status-publish","4":"has-post-thumbnail","6":"product_brand-alpina","7":"product_cat-odrasle-kolesarske-celade","8":"product_tag-outlet","9":"pa_velikost-56-58","10":"pa_velikost-59-60","12":"first","13":"instock","14":"sale","15":"taxable","16":"shipping-taxable","17":"purchasable","18":"product-type-variable"},"acf":[],"aioseo_notices":[],"_links":{"self":[{"href":"https:\/\/ritosa.si\/it\/wp-json\/wp\/v2\/product\/14249","targetHints":{"allow":["GET"]}}],"collection":[{"href":"https:\/\/ritosa.si\/it\/wp-json\/wp\/v2\/product"}],"about":[{"href":"https:\/\/ritosa.si\/it\/wp-json\/wp\/v2\/types\/product"}],"wp:featuredmedia":[{"embeddable":true,"href":"https:\/\/ritosa.si\/it\/wp-json\/wp\/v2\/media\/14252"}],"wp:attachment":[{"href":"https:\/\/ritosa.si\/it\/wp-json\/wp\/v2\/media?parent=14249"}],"wp:term":[{"taxonomy":"product_brand","embeddable":true,"href":"https:\/\/ritosa.si\/it\/wp-json\/wp\/v2\/product_brand?post=14249"},{"taxonomy":"product_cat","embeddable":true,"href":"https:\/\/ritosa.si\/it\/wp-json\/wp\/v2\/product_cat?post=14249"},{"taxonomy":"product_tag","embeddable":true,"href":"https:\/\/ritosa.si\/it\/wp-json\/wp\/v2\/product_tag?post=14249"}],"curies":[{"name":"parola chiave","href":"https:\/\/api.w.org\/{rel}","templated":true}]}}