{"id":19129,"date":"2025-08-08T12:22:41","date_gmt":"2025-08-08T10:22:41","guid":{"rendered":"https:\/\/ritosa.click.si\/?post_type=product&#038;p=19129"},"modified":"2026-04-09T15:39:30","modified_gmt":"2026-04-09T13:39:30","slug":"rog-pony-marine-2","status":"publish","type":"product","link":"https:\/\/ritosa.si\/it\/negozio\/kolesarstvo\/kolesa\/rog-pony-kolesa\/rog-pony-marine-2\/","title":{"rendered":"Rog PONY MARINE"},"content":{"rendered":"<p>Rog Marine je posebna razli\u010dica Ponyja, narejena za navti\u010dne navdu\u0161ence in tiste, ki veliko potujejo s camperji in prikolicami. Izjemna lastnost Rog Marina je osem notranjih prestav Shimano, kar je doslej najve\u010d za tovrstna kolesa pri Rogu. Kolo je zelo dobro odporno na korozijo, saj je izdelano iz nerjave\u010dih materialov (aluminija in inoxa).<\/p>\n<p>Izjemna lastnost Rog Marina je tudi njegova vrhunska zlo\u017eljivost \u2013 zlo\u017eeno kolo namre\u010d meri 80x77x40 centimetrov, kar pomeni, da ga lahko pospravimo v prtlja\u017enik avtomobila, boks avtodoma ali palubo jadrnice.<\/p>\n<ul class=\"technical-specifications\">\n<li><strong>Telaio:<\/strong> <i>Al6061, telaio pieghevole <\/i><\/li>\n<li><strong>Forcella:<\/strong> <i>Al6061, profilato con attacchi per freni a V, 1 1\/8\"<\/i><\/li>\n<li><strong>Serie sterzo:<\/strong> <i>Neco H112N, serie sterzo semi-integrata con filetto 1 1\/8\"<\/i><\/li>\n<li><strong>Movimento centrale:<\/strong> <i>Sturmey Archer, movimento centrale integrato BSA da 68 mm, perno a quattro lati<\/i><\/li>\n<li><strong>Guarnitura:<\/strong> <i>Manovella PIONEER-244A-2, 1\/8*44T*170mm<\/i><\/li>\n<li><strong>Attacco manubrio:<\/strong> <i>Promax pieghevole, FB-314, 25,4 mm <\/i><\/li>\n<li><strong>Manubrio:<\/strong> <i>Esclusiva Ergotec, 615 mm<\/i><\/li>\n<li><strong>Leve dei freni:<\/strong> <i>Promax<\/i><\/li>\n<li><strong>Freni:<\/strong> <i>Shimano BR-T4000<\/i><\/li>\n<li><strong>Cavi:<\/strong> <i>Jagwire<\/i><\/li>\n<li><strong>Sella:<\/strong> <i>Selle San Remo Mosel<\/i><\/li>\n<li><strong>Reggisella:<\/strong> <i>Al6061, \u00d833,9 mm x 400 mm<\/i><\/li>\n<li><strong>Mozzo anteriore:<\/strong> <i>Shimano AHBTX500<\/i><\/li>\n<li><strong>Mozzo posteriore:<\/strong> <i>Shimano Nexus 8 marce<br \/>\n<\/i><\/li>\n<li><strong>Cerchi:<\/strong> <i>Nepal<\/i><\/li>\n<li><strong>Copertoni:<\/strong> <i>Michelin City J<br \/>\n<\/i><\/li>\n<li><strong>Catena:<\/strong> <i>KMC, 1\/2- 1\/8 Acciaio inossidabile<\/i><\/li>\n<li><strong>Pedali:<\/strong> <i>Componenti VP -117 A pieghevole<\/i><\/li>\n<li><strong>Luci:<\/strong> <i>Luci LED a batteria<\/i><\/li>\n<li><strong>Parafanghi:<\/strong> <i>Eurofender DUO Marine<\/i><\/li>\n<li><strong>Cavalletto:<\/strong> <i>Ursus &quot;MOOI&quot; nero<\/i><\/li>\n<li><strong>Peso:<\/strong> <i>14 kg (peso medio della bicicletta assemblata)<\/i><\/li>\n<\/ul>","protected":false},"excerpt":{"rendered":"<p>Clacson PONY MARINE \u2013 nuovo 8 marce<\/p>\n<p>La Rog Marine \u00e8 una versione speciale della Pony, pensata per gli appassionati di nautica e per chi viaggia spesso con camper e roulotte. La caratteristica principale della Rog Marina sono i sette rapporti Shimano interni, il numero pi\u00f9 alto finora offerto da Rog per questo tipo di bici. La bici \u00e8 molto resistente alla corrosione, poich\u00e9 realizzata con materiali antiruggine (alluminio e acciaio inossidabile).<\/p>","protected":false},"featured_media":19122,"template":"","meta":{"_acf_changed":false,"inline_featured_image":false,"_monsterinsights_skip_tracking":false,"_monsterinsights_sitenote_active":false,"_monsterinsights_sitenote_note":"","_monsterinsights_sitenote_category":0},"product_brand":[1194],"product_cat":[490],"product_tag":[],"class_list":{"0":"post-19129","1":"product","2":"type-product","3":"status-publish","4":"has-post-thumbnail","6":"product_brand-rog","7":"product_cat-rog-pony-kolesa","8":"pa_barva-bela","9":"pa_barva-modra","11":"first","12":"instock","13":"taxable","14":"shipping-taxable","15":"purchasable","16":"product-type-simple"},"acf":[],"aioseo_notices":[],"_links":{"self":[{"href":"https:\/\/ritosa.si\/it\/wp-json\/wp\/v2\/product\/19129","targetHints":{"allow":["GET"]}}],"collection":[{"href":"https:\/\/ritosa.si\/it\/wp-json\/wp\/v2\/product"}],"about":[{"href":"https:\/\/ritosa.si\/it\/wp-json\/wp\/v2\/types\/product"}],"wp:featuredmedia":[{"embeddable":true,"href":"https:\/\/ritosa.si\/it\/wp-json\/wp\/v2\/media\/19122"}],"wp:attachment":[{"href":"https:\/\/ritosa.si\/it\/wp-json\/wp\/v2\/media?parent=19129"}],"wp:term":[{"taxonomy":"product_brand","embeddable":true,"href":"https:\/\/ritosa.si\/it\/wp-json\/wp\/v2\/product_brand?post=19129"},{"taxonomy":"product_cat","embeddable":true,"href":"https:\/\/ritosa.si\/it\/wp-json\/wp\/v2\/product_cat?post=19129"},{"taxonomy":"product_tag","embeddable":true,"href":"https:\/\/ritosa.si\/it\/wp-json\/wp\/v2\/product_tag?post=19129"}],"curies":[{"name":"parola chiave","href":"https:\/\/api.w.org\/{rel}","templated":true}]}}