{"id":20818,"date":"2026-03-06T12:10:18","date_gmt":"2026-03-06T11:10:18","guid":{"rendered":"https:\/\/ritosa.click.si\/?post_type=product&#038;p=20818"},"modified":"2026-03-06T13:34:19","modified_gmt":"2026-03-06T12:34:19","slug":"volkl-shine-alessia-2026","status":"publish","type":"product","link":"https:\/\/ritosa.si\/it\/negozio\/sciare\/sci\/sci-da-donna\/volkl-shine-alessia-2026\/","title":{"rendered":"V\u00f6lkl Shine Alessia 2026"},"content":{"rendered":"<div class=\"rte\">\n<p>Gli V\u00f6lkl Shine Alessia sono sci da carving leggeri, stabili e divertenti, pensati per sciatrici principianti e di livello intermedio che desiderano progredire rapidamente, in sicurezza e con piacere. Materiali pi\u00f9 morbidi combinati con un&#039;anima in legno.\u00a0<em>Anima in legno multistrato<\/em>\u00a0e profilo\u00a0<em>Tipo Rocker<\/em>\u00a0Offrono una maneggevolezza estremamente semplice, stabilit\u00e0 e curve fluide in tutte le condizioni di neve.<\/p>\n<p>Lo sci Shine Alessia offre una presa di spigolo affidabile e tollera i piccoli errori: la scelta perfetta per chi sta imparando o per chi vuole godersi una sciata tecnicamente perfetta senza preoccupazioni. Grazie al design equilibrato e alla tecnologia progressiva, consente transizioni fluide tra le curve e una sciata confortevole e sicura.<\/p>\n<p>I principianti ne apprezzeranno la morbidezza e la stabilit\u00e0, mentre gli sciatori pi\u00f9 esperti ne apprezzeranno il carattere giocoso e la rapida progressione. Il V\u00f6lkl Shine Alessia \u00e8 il compagno perfetto per chi cerca una combinazione di eleganza, comfort e prestazioni, dalle prime curve alla completa sicurezza sulla neve.<\/p>\n<p><strong>Caratteristiche principali:<\/strong><\/p>\n<ul>\n<li>Uno sci da carving leggero e giocoso per principianti e sciatrici amatoriali.<\/li>\n<li><em>Anima in legno multistrato<\/em>\u00a0\u2013 Nucleo in legno multistrato per stabilit\u00e0 e trasferimento preciso della potenza<\/li>\n<li><em>Tipo Rocker<\/em>\u00a0\u2013 ingresso in curva pi\u00f9 facile, migliore maneggevolezza e comfort sulla neve pi\u00f9 soffice<\/li>\n<li><em>Tecnologia progressiva<\/em>\u00a0\u2013 Forma 3D per una maggiore stabilit\u00e0 della punta e transizioni fluide tra le curve<\/li>\n<li><em>P-Tex 2100<\/em>\u00a0\u2013 superficie di scorrimento sinterizzata per velocit\u00e0 e durata eccellenti<\/li>\n<li><em>Attacchi Marker FDT TP10 GripWalk<\/em>\u00a0\u2013 facile serraggio e trasmissione di potenza sicura<\/li>\n<\/ul>\n<p><strong>Specifiche tecniche:<\/strong><\/p>\n<ul>\n<li><strong>Geometria:<\/strong>\u00a0123 \u2013 72 \u2013 104 millimetri<\/li>\n<li><strong>Raggio di sterzata:<\/strong>\u00a0144 cm \u2013 10,5 m | 151 cm \u2013 11,8 m | 158 cm \u2013 12,7 m | 165 cm \u2013 14,0 m<\/li>\n<li><strong>Nucleo:<\/strong>\u00a0Anima in legno multistrato<\/li>\n<li><strong>Profilo:<\/strong>\u00a0Tipo Rocker<\/li>\n<li><strong>Superficie di scorrimento:<\/strong>\u00a0P-Tex 2100<\/li>\n<li><strong>Collegamenti:<\/strong>\u00a0Marcatore FDT TP10 GripWalk (DIN-ISO: 3.0\u201310.0)<\/li>\n<li><strong>Livello di conoscenza:<\/strong>\u00a0sciatori principianti e intermedi<\/li>\n<\/ul>\n<\/div>","protected":false},"excerpt":{"rendered":"<p>\u017denske smu\u010di\u00a0V\u00f6lkl Shine\u00a0Alessia +\u00a0vezi FDT TP10<\/p>\n<div class=\"text-base my-auto mx-auto pb-10 [--thread-content-margin:--spacing(4)] thread-sm:[--thread-content-margin:--spacing(6)] thread-lg:[--thread-content-margin:--spacing(16)] px-(--thread-content-margin)\">\n<div class=\"[--thread-content-max-width:40rem] thread-lg:[--thread-content-max-width:48rem] mx-auto max-w-(--thread-content-max-width) flex-1 group\/turn-messages focus-visible:outline-hidden relative flex w-full min-w-0 flex-col agent-turn\">\n<div class=\"flex max-w-full flex-col grow\">\n<div class=\"min-h-8 text-message relative flex w-full flex-col items-end gap-2 text-start break-words whitespace-normal [.text-message+&amp;]:mt-1\">\n<div class=\"flex w-full flex-col gap-1 empty:hidden first:pt-[1px]\">\n<div class=\"markdown prose dark:prose-invert w-full break-words light markdown-new-styling\">\n<p>V\u00f6lkl Shine Alessia so popolne smu\u010di za \u017eenske, ki \u017eelijo lahkotno, zabavno in varno vstopiti v svet smu\u010danja. Zasnovane so za za\u010detnice in rekreativne smu\u010darke, ki i\u0161\u010dejo stabilnost, enostavno vodljivost in udobno vo\u017enjo na urejenih progah.<\/p>\n<\/div>\n<\/div>\n<\/div>\n<\/div>\n<\/div>\n<\/div>\n","protected":false},"featured_media":20820,"template":"","meta":{"_acf_changed":false,"inline_featured_image":false,"_monsterinsights_skip_tracking":false,"_monsterinsights_sitenote_active":false,"_monsterinsights_sitenote_note":"","_monsterinsights_sitenote_category":0},"product_brand":[1190],"product_cat":[567],"product_tag":[],"class_list":{"0":"post-20818","1":"product","2":"type-product","3":"status-publish","4":"has-post-thumbnail","6":"product_brand-volkl","7":"product_cat-zenske-smuci","8":"pa_velikost-2214","9":"pa_velikost-978","11":"first","12":"instock","13":"sale","14":"taxable","15":"shipping-taxable","16":"purchasable","17":"product-type-variable"},"acf":[],"aioseo_notices":[],"_links":{"self":[{"href":"https:\/\/ritosa.si\/it\/wp-json\/wp\/v2\/product\/20818","targetHints":{"allow":["GET"]}}],"collection":[{"href":"https:\/\/ritosa.si\/it\/wp-json\/wp\/v2\/product"}],"about":[{"href":"https:\/\/ritosa.si\/it\/wp-json\/wp\/v2\/types\/product"}],"wp:featuredmedia":[{"embeddable":true,"href":"https:\/\/ritosa.si\/it\/wp-json\/wp\/v2\/media\/20820"}],"wp:attachment":[{"href":"https:\/\/ritosa.si\/it\/wp-json\/wp\/v2\/media?parent=20818"}],"wp:term":[{"taxonomy":"product_brand","embeddable":true,"href":"https:\/\/ritosa.si\/it\/wp-json\/wp\/v2\/product_brand?post=20818"},{"taxonomy":"product_cat","embeddable":true,"href":"https:\/\/ritosa.si\/it\/wp-json\/wp\/v2\/product_cat?post=20818"},{"taxonomy":"product_tag","embeddable":true,"href":"https:\/\/ritosa.si\/it\/wp-json\/wp\/v2\/product_tag?post=20818"}],"curies":[{"name":"parola chiave","href":"https:\/\/api.w.org\/{rel}","templated":true}]}}