{"id":21698,"date":"2026-03-14T16:03:17","date_gmt":"2026-03-14T15:03:17","guid":{"rendered":"https:\/\/ritosa.click.si\/?post_type=product&#038;p=21698"},"modified":"2026-03-14T16:08:02","modified_gmt":"2026-03-14T15:08:02","slug":"cube-kathmandu-pro","status":"publish","type":"product","link":"https:\/\/ritosa.si\/it\/negozio\/kolesarstvo\/kolesa\/treking-kolesa\/cube-kathmandu-pro\/","title":{"rendered":"CUBE KATHMANDU PRO"},"content":{"rendered":"<div class=\"c-bike-technology__right\">\n<div class=\"vsf-container-fluid\">\n<p><strong>CUBE KATHMANDU PRO<\/strong><\/p>\n<p data-start=\"42\" data-end=\"395\">CUBE Kathmandu Pro zdru\u017euje <strong data-start=\"70\" data-end=\"108\">prakti\u010dnost, zmogljivost in udobje<\/strong>, zato je odli\u010dna izbira za vsakodnevne vo\u017enje, dalj\u0161e izlete ali kolesarska potovanja. Lahek in trpe\u017een <strong data-start=\"213\" data-end=\"242\">Aluminium Superlite okvir<\/strong> con la tecnologia <strong data-start=\"257\" data-end=\"275\">Saldatura liscia<\/strong> zagotavlja \u010dist videz in visoko togost, notranja napeljava kablov pa poskrbi za dodatno za\u0161\u010dito in urejen videz kolesa.<\/p>\n<p data-start=\"397\" data-end=\"763\">Kolo je popolnoma pripravljeno na vo\u017enjo takoj iz trgovine \u2013 opremljeno je z <strong data-start=\"474\" data-end=\"560\">integriranim prtlja\u017enikom Carrier 3.0, blatniki, lu\u010dmi na dinamo pesto in nogarjem<\/strong>. <strong data-start=\"562\" data-end=\"605\">Zra\u010dna amortizacijska vilica SR Suntour<\/strong> z 63 mm hoda poskrbi za ve\u010d udobja na neravnih cestah, medtem ko <strong data-start=\"671\" data-end=\"709\">pnevmatike Schwalbe Marathon Green<\/strong> z reciklirano gumo poudarjajo trajnostno naravnanost.<\/p>\n<p data-start=\"765\" data-end=\"963\">Zanesljiv <strong data-start=\"775\" data-end=\"802\">Shimano CUES 2&#215;10 pogon<\/strong> omogo\u010da \u0161irok razpon prestav za ravnino in vzpone, <strong data-start=\"854\" data-end=\"889\">hidravli\u010dne disk zavore Shimano<\/strong> pa zagotavljajo mo\u010dno in zanesljivo zaviranje v vseh vremenskih razmerah.<\/p>\n<p data-start=\"965\" data-end=\"1032\"><strong data-start=\"965\" data-end=\"1032\">Najve\u010dja dovoljena obremenitev (vklju\u010dno s te\u017eo kolesa): 140 kg<\/strong><\/p>\n<p data-start=\"1039\" data-end=\"1056\"><strong data-start=\"1039\" data-end=\"1056\">Specifiche<\/strong><\/p>\n<p data-start=\"1058\" data-end=\"2425\" data-is-last-node=\"\" data-is-only-node=\"\">\u2022 Okvir: Aluminium Superlite, Trekking Comfort, Integrated Carrier 3.0, Double Butted<br data-start=\"1143\" data-end=\"1146\" \/>\u2022 Vilica: SR Suntour NCX32 D LO Air, hod 63 mm<br data-start=\"1192\" data-end=\"1195\" \/>\u2022 Krmilni le\u017eaj: VP Integrated, zgoraj 1 1\/8&#8243;, spodaj 1 1\/2&#8243;<br data-start=\"1255\" data-end=\"1258\" \/>\u2022 Nosilec krmila: CUBE Performance Stem SLX, 31.8 mm<br data-start=\"1310\" data-end=\"1313\" \/>\u2022 Krmilo: CUBE Comfort Trail Bar, 680 mm<br data-start=\"1353\" data-end=\"1356\" \/>\u2022 Gripi: ACID Travel Comfort<br data-start=\"1384\" data-end=\"1387\" \/>\u2022 Prednji menjalnik: Shimano Cues FD-U6010, Top Swing<br data-start=\"1440\" data-end=\"1443\" \/>\u2022 Zadnji menjalnik: Shimano Cues RD-U6020-SGS, 10-stopenjski<br data-start=\"1503\" data-end=\"1506\" \/>\u2022 Prestavne ro\u010dice: Shimano Cues SL-U6000, Rapidfire-Plus<br data-start=\"1563\" data-end=\"1566\" \/>\u2022 Zavore: Shimano BR-MT200\/UR300, hidravli\u010dne disk zavore (160\/160 mm)<br data-start=\"1636\" data-end=\"1639\" \/>\u2022 Gonilna os: Shimano BB-MT501, 68 mm BSA<br data-start=\"1680\" data-end=\"1683\" \/>\u2022 Gonilka: Shimano Cues FC-U4010, 46x30T, za\u0161\u010dita verige<br data-start=\"1739\" data-end=\"1742\" \/>\u2022 Pedala: ACID PP Trekking<br data-start=\"1768\" data-end=\"1771\" \/>\u2022 Veriga: KMC xGlide<br data-start=\"1791\" data-end=\"1794\" \/>\u2022 Kaseta: Shimano Cues CS-LG400, 11\u201339T<br data-start=\"1833\" data-end=\"1836\" \/>\u2022 Prednja pesta: Shimano DH-3D37, dinamo pesto, QR, Centerlock<br data-start=\"1898\" data-end=\"1901\" \/>\u2022 Zadnja pesta: Shimano FH-TC500-HM, 12 mm Through Axle, Centerlock<br data-start=\"1968\" data-end=\"1971\" \/>\u2022 Obro\u010di \/ kolesa: ACID EX25, 32 naper, Disc, Tubeless Ready<br data-start=\"2031\" data-end=\"2034\" \/>\u2022 Pla\u0161\u010di: Schwalbe Marathon Green, Perf, 47-622<br data-start=\"2081\" data-end=\"2084\" \/>\u2022 Sede\u017e: ACID Sequence Pro 170<br data-start=\"2114\" data-end=\"2117\" \/>\u2022 Sede\u017ena opora: CUBE Performance Post, 27.2 mm<br data-start=\"2164\" data-end=\"2167\" \/>\u2022 Zadnja lu\u010d: ACID Mudguard Rear Light PRO-D, 6V, AC<br data-start=\"2219\" data-end=\"2222\" \/>\u2022 Blatniki: ACID 56 Integrated Carrier 3.0<br data-start=\"2264\" data-end=\"2267\" \/>\u2022 Prtlja\u017enik: ACID Integrated Carrier 3.0, CUBE Adapter Compatible<br data-start=\"2333\" data-end=\"2336\" \/>\u2022 Nogica: ACID FM Pure Kickstand<br data-start=\"2367\" data-end=\"2370\" \/>\u2022 Zvonec: Reich Cycle Bells Ringsound<br data-start=\"2407\" data-end=\"2410\" \/>\u2022 Te\u017ea: 17,2 kg<\/p>\n<\/div>\n<\/div>","protected":false},"excerpt":{"rendered":"<p>Treking kolo Cube Kathmandu Pro Coal &#8216;n&#8217; Black<\/p>\n<p>&nbsp;<\/p>","protected":false},"featured_media":21706,"template":"","meta":{"_acf_changed":false,"inline_featured_image":false,"_monsterinsights_skip_tracking":false,"_monsterinsights_sitenote_active":false,"_monsterinsights_sitenote_note":"","_monsterinsights_sitenote_category":0},"product_brand":[1192],"product_cat":[499],"product_tag":[],"class_list":{"0":"post-21698","1":"product","2":"type-product","3":"status-publish","4":"has-post-thumbnail","6":"product_brand-cube","7":"product_cat-treking-kolesa","8":"pa_velikost-50-2","10":"first","11":"instock","12":"sale","13":"taxable","14":"shipping-taxable","15":"purchasable","16":"product-type-variable"},"acf":[],"aioseo_notices":[],"_links":{"self":[{"href":"https:\/\/ritosa.si\/it\/wp-json\/wp\/v2\/product\/21698","targetHints":{"allow":["GET"]}}],"collection":[{"href":"https:\/\/ritosa.si\/it\/wp-json\/wp\/v2\/product"}],"about":[{"href":"https:\/\/ritosa.si\/it\/wp-json\/wp\/v2\/types\/product"}],"wp:featuredmedia":[{"embeddable":true,"href":"https:\/\/ritosa.si\/it\/wp-json\/wp\/v2\/media\/21706"}],"wp:attachment":[{"href":"https:\/\/ritosa.si\/it\/wp-json\/wp\/v2\/media?parent=21698"}],"wp:term":[{"taxonomy":"product_brand","embeddable":true,"href":"https:\/\/ritosa.si\/it\/wp-json\/wp\/v2\/product_brand?post=21698"},{"taxonomy":"product_cat","embeddable":true,"href":"https:\/\/ritosa.si\/it\/wp-json\/wp\/v2\/product_cat?post=21698"},{"taxonomy":"product_tag","embeddable":true,"href":"https:\/\/ritosa.si\/it\/wp-json\/wp\/v2\/product_tag?post=21698"}],"curies":[{"name":"parola chiave","href":"https:\/\/api.w.org\/{rel}","templated":true}]}}