{"id":21996,"date":"2026-03-22T11:34:39","date_gmt":"2026-03-22T10:34:39","guid":{"rendered":"https:\/\/ritosa.click.si\/?post_type=product&#038;p=21996"},"modified":"2026-03-22T11:41:29","modified_gmt":"2026-03-22T10:41:29","slug":"cube-stereo-hybrid-one44-pro-800-2026","status":"publish","type":"product","link":"https:\/\/ritosa.si\/it\/negozio\/kolesarstvo\/kolesa\/elektricna-kolesa\/gorska-elektricna-kolesa\/cube-stereo-hybrid-one44-pro-800-2026\/","title":{"rendered":"CUBE STEREO HYBRID ONE44 PRO 800 2026"},"content":{"rendered":"<p data-start=\"0\" data-end=\"102\"><strong data-start=\"0\" data-end=\"36\">CUBE STEREO HYBRID ONE44 PRO 800<\/strong><br data-start=\"36\" data-end=\"39\" \/>Elektri\u010dno trail kolo za zahtevne vo\u017enje in celodnevne avanture<\/p>\n<p data-start=\"104\" data-end=\"599\">CUBE Stereo Hybrid ONE44 Pro 800 prina\u0161a popolno kombinacijo mo\u010di, udobja in nadzora. Z zmogljivim motorjem <strong data-start=\"212\" data-end=\"245\">Bosch Performance CX (100 Nm)<\/strong> in baterijo <strong data-start=\"258\" data-end=\"289\">PowerTube kapacitete 800 Wh<\/strong> je ta e-MTB pripravljen na najzahtevnej\u0161e trail vo\u017enje. Okvir <strong data-start=\"352\" data-end=\"375\">Aluminium Superlite<\/strong> z notranjim vodenjem kablov, <strong data-start=\"405\" data-end=\"422\">UDH dropoutom<\/strong> E <strong data-start=\"426\" data-end=\"457\">Direct Mount za\u0161\u010dito verige<\/strong> zagotavlja dolgo \u017eivljenjsko dobo in sodoben videz, medtem ko <strong data-start=\"520\" data-end=\"539\">SIC 2.0 nosilci<\/strong> omogo\u010dajo enostavno nadgradnjo s prtlja\u017enikom ali blatniki.<\/p>\n<p data-start=\"601\" data-end=\"1126\" data-is-last-node=\"\" data-is-only-node=\"\">Stereo Hybrid ONE44 Pro 800 je zasnovan za kolesarje, ki \u017eelijo ve\u010d kot le obi\u010dajen e-MTB. <strong data-start=\"692\" data-end=\"724\">140 mm hoda spredaj in zadaj<\/strong>, v kombinaciji z zra\u010dno vilico Suntour in zadnjim amortizerjem, zagotavlja maksimalno udobje in nadzor na tehni\u010dno zahtevnih trailih. <strong data-start=\"859\" data-end=\"897\">Schwalbe Nobby Nic 2,6\u201d pnevmatike<\/strong> nudijo zanesljiv oprijem v vseh razmerah, medtem ko <strong data-start=\"950\" data-end=\"975\">Shimano XT 1\u00d712 pogon<\/strong> omogo\u010da natan\u010dno in hitro prestavljanje. Za mo\u010dno in varno zaviranje skrbijo <strong data-start=\"1053\" data-end=\"1099\">Shimano \u0161tiribatne hidravli\u010dne disk zavore<\/strong> z velikimi 203 mm rotorji.<\/p>\n<p><em>Najve\u010dja dovoljena skupna te\u017ea (vklju\u010dno s kolesom): 150 kg<\/em><\/p>\n<p><em>Divisione delle dimensioni:<\/em><\/p>\n<ul>\n<li><em> S = 27,5&quot;\u201d<\/em><\/li>\n<li><em> M, L, XL, XXL = 29&quot;\u201d<\/em><\/li>\n<\/ul>\n<h4><strong>Specifiche<\/strong><\/h4>\n<p>Motor: Bosch Drive Unit Performance Line CX, max. 100 Nm (BDU38)<br data-start=\"83\" data-end=\"86\" \/>Baterija: Bosch PowerTube 800<br data-start=\"115\" data-end=\"118\" \/>Zaslon: Bosch Purion 200 z integriranim zaslonom<br data-start=\"166\" data-end=\"169\" \/>Okvir: Aluminium Superlite, Gravity Casting Technology, Efficient Comfort Control, FSP 4-Link, Agile Comfort Geometry, Boost 148, UDH\u2122, integrirana baterija, napredno notranje vodenje kablov, nosilci za nogar\/blatnike\/prtlja\u017enik, integrirana objemka sede\u017ene opore<br data-start=\"432\" data-end=\"435\" \/>Vilica: SR Suntour XCR36 2CR Air, tapered, 15&#215;110 mm, 140 mm<br data-start=\"495\" data-end=\"498\" \/>Le\u017eaj vilice: ACROS AZF-1034, ICR (notranje vodenje kablov), zgoraj Zero-Stack 1 1\/2&#8243; (ZS 56 mm), spodaj Zero-Stack 1 1\/2&#8243; (ZS 56 mm), X-Connect Interface<br data-start=\"652\" data-end=\"655\" \/>Zadnje vzmetenje: zgoraj 54 mm Trunnion Mount, spodaj 22.2&#215;8 mm, SR Suntour EdgeX R 205&#215;60 mm (27.5: 185&#215;55 mm), nastavitev povratka (rebound), Trunnion Mount<br data-start=\"813\" data-end=\"816\" \/>Lula krmila: CUBE Performance Stem E-MTB 35, FPI-Link<br data-start=\"869\" data-end=\"872\" \/>Krmilo: CUBE Rise Trail Bar 35<br data-start=\"902\" data-end=\"905\" \/>Ro\u010daji: ACID Hybrid Perform<br data-start=\"932\" data-end=\"935\" \/>Zadnji menjalnik: Shimano XT RD-M8100-SGS, ShadowPlus, 12-stopenjski<br data-start=\"1003\" data-end=\"1006\" \/>Menjalne ro\u010dice: Shimano Deore SL-M6100-IR, Direct Attach, Rapidfire-Plus<br data-start=\"1079\" data-end=\"1082\" \/>Zavore: Shimano BR-MT420, hidravli\u010dne disk zavore (203\/203 mm)<br data-start=\"1144\" data-end=\"1147\" \/>Gonilka: ACID MTB Hybrid Pro, 27.5: 36T \/\/ 29: 34T<br data-start=\"1197\" data-end=\"1200\" \/>Pedala: ACID PP MTB<br data-start=\"1219\" data-end=\"1222\" \/>Veriga: KMC e12<br data-start=\"1237\" data-end=\"1240\" \/>Vodilo verige: Reverse Flip-Guide E-Chain Guide, Direct Mount, I-Plate<br data-start=\"1310\" data-end=\"1313\" \/>Kaseta: Shimano Deore CS-M6100, 10\u201351T<br data-start=\"1351\" data-end=\"1354\" \/>Obro\u010di \/ kolesa: ACID SLX 30, 32\/32 naper, 15&#215;110 mm \/ 12&#215;148 mm, Tubeless Ready<br data-start=\"1434\" data-end=\"1437\" \/>Pnevmatike: Schwalbe Nobby Nic, Performance, 2.6<br data-start=\"1485\" data-end=\"1488\" \/>Sede\u017e: ACID Venec EMTB Plus 145<br data-start=\"1519\" data-end=\"1522\" \/>Sede\u017ena opora: CUBE Dropper Post, ro\u010dica na krmilu, notranja napeljava kablov, 31.6 mm<br data-start=\"1608\" data-end=\"1611\" \/>Te\u017ea: 26,6 kg<\/p>","protected":false},"excerpt":{"rendered":"<p>Elektri\u010dno gorsko kolo Cube Stereo Hybrid One44 Pro 800 Dustyolive &#8216;n&#8217; Gold<\/p>","protected":false},"featured_media":22004,"template":"","meta":{"_acf_changed":false,"inline_featured_image":false,"_monsterinsights_skip_tracking":false,"_monsterinsights_sitenote_active":false,"_monsterinsights_sitenote_note":"","_monsterinsights_sitenote_category":0},"product_brand":[1192],"product_cat":[629],"product_tag":[],"class_list":{"0":"post-21996","1":"product","2":"type-product","3":"status-publish","4":"has-post-thumbnail","6":"product_brand-cube","7":"product_cat-gorska-elektricna-kolesa","8":"pa_velikost-l","10":"first","11":"instock","12":"sale","13":"taxable","14":"shipping-taxable","15":"purchasable","16":"product-type-variable"},"acf":[],"aioseo_notices":[],"_links":{"self":[{"href":"https:\/\/ritosa.si\/it\/wp-json\/wp\/v2\/product\/21996","targetHints":{"allow":["GET"]}}],"collection":[{"href":"https:\/\/ritosa.si\/it\/wp-json\/wp\/v2\/product"}],"about":[{"href":"https:\/\/ritosa.si\/it\/wp-json\/wp\/v2\/types\/product"}],"wp:featuredmedia":[{"embeddable":true,"href":"https:\/\/ritosa.si\/it\/wp-json\/wp\/v2\/media\/22004"}],"wp:attachment":[{"href":"https:\/\/ritosa.si\/it\/wp-json\/wp\/v2\/media?parent=21996"}],"wp:term":[{"taxonomy":"product_brand","embeddable":true,"href":"https:\/\/ritosa.si\/it\/wp-json\/wp\/v2\/product_brand?post=21996"},{"taxonomy":"product_cat","embeddable":true,"href":"https:\/\/ritosa.si\/it\/wp-json\/wp\/v2\/product_cat?post=21996"},{"taxonomy":"product_tag","embeddable":true,"href":"https:\/\/ritosa.si\/it\/wp-json\/wp\/v2\/product_tag?post=21996"}],"curies":[{"name":"parola chiave","href":"https:\/\/api.w.org\/{rel}","templated":true}]}}