{"id":22047,"date":"2026-03-22T13:01:19","date_gmt":"2026-03-22T12:01:19","guid":{"rendered":"https:\/\/ritosa.click.si\/?post_type=product&#038;p=22047"},"modified":"2026-04-09T13:48:51","modified_gmt":"2026-04-09T11:48:51","slug":"cube-attain-c26-slt-2026","status":"publish","type":"product","link":"https:\/\/ritosa.si\/it\/negozio\/kolesarstvo\/kolesa\/cestna-gravel-kolesa\/cube-attain-c26-slt-2026\/","title":{"rendered":"CUBE ATTAIN C:62 SLT 2026"},"content":{"rendered":"<p data-start=\"0\" data-end=\"63\"><strong data-start=\"0\" data-end=\"24\">CUBE ATTAIN C:62 SLT<\/strong><br data-start=\"24\" data-end=\"27\" \/>Hitrost, natan\u010dnost in udobje v enem<\/p>\n<p data-start=\"65\" data-end=\"377\">CUBE Attain C:62 SLT zdru\u017euje dirkalne zmogljivosti in udobje dolgih vo\u017eenj v popolnoma uravnote\u017eeno celoto. Njegov semi-aero okvir iz vrhunskega <strong data-start=\"211\" data-end=\"228\">C:62\u00ae karbona<\/strong> omogo\u010da u\u010dinkovito prebijanje zraka in odli\u010den prenos mo\u010di, medtem ko integrirano vodenje kablov zmanj\u0161uje nered in dodatno izbolj\u0161uje aerodinamiko.<\/p>\n<p data-start=\"379\" data-end=\"572\">Za udobje tudi na dalj\u0161ih ali slab\u0161ih cestah poskrbijo <strong data-start=\"434\" data-end=\"448\">flex stays<\/strong> in popolnoma karbonska vilica, prostor za pnevmatike do <strong data-start=\"505\" data-end=\"514\">34 mm<\/strong> pa zagotavlja dodatno oprijemljivost in bla\u017eenje udarcev.<\/p>\n<p data-start=\"574\" data-end=\"924\">Komponente vi\u0161jega razreda, vklju\u010dno z <strong data-start=\"613\" data-end=\"649\">Shimano Ultegra Di2 2\u00d712 pogonom<\/strong> in hidravli\u010dnimi disk zavorami, omogo\u010dajo izjemno natan\u010dno in zanesljivo prestavljanje ter zaviranje v vseh situacijah. <strong data-start=\"770\" data-end=\"811\">Newmen Advanced A.50 karbonska kolesa<\/strong> prispevajo k ve\u010dji hitrosti, medtem ko <strong data-start=\"851\" data-end=\"892\">30 mm tubeless Continental pnevmatike<\/strong> zagotavljajo optimalen oprijem.<\/p>\n<p data-start=\"926\" data-end=\"1042\">Attain C:62 SLT je idealna izbira za kolesarje, ki i\u0161\u010dejo hitrost, natan\u010dnost in nadzor brez kompromisov pri udobju.<\/p>\n<p><em>Velikosti: <\/em><em>50cm, 53cm, 56cm, 58cm, 60cm<\/em><\/p>\n<p><em>Najve\u010dja nosilnost (vklju\u010dno s te\u017eo kolesa): 115 kg<\/em><\/p>\n<h4><strong>Specifikacije<\/strong><\/h4>\n<div class=\"flex max-w-full flex-col gap-4 grow\">\n<div class=\"min-h-8 text-message relative flex w-full flex-col items-end gap-2 text-start break-words whitespace-normal [.text-message+&amp;]:mt-1\" dir=\"auto\" data-message-author-role=\"assistant\" data-message-id=\"d38422c5-e9cf-41af-b1e4-c8cc9bc83379\" data-message-model-slug=\"gpt-5-3\">\n<div class=\"flex w-full flex-col gap-1 empty:hidden\">\n<div class=\"markdown prose dark:prose-invert w-full wrap-break-word light markdown-new-styling\">\n<div class=\"flex max-w-full flex-col gap-4 grow\">\n<div class=\"min-h-8 text-message relative flex w-full flex-col items-end gap-2 text-start break-words whitespace-normal [.text-message+&amp;]:mt-1\" dir=\"auto\" data-message-author-role=\"assistant\" data-message-id=\"ee9f540d-5125-481e-81cd-f851d8a0ff49\" data-message-model-slug=\"gpt-5-3\">\n<div class=\"flex w-full flex-col gap-1 empty:hidden\">\n<div class=\"markdown prose dark:prose-invert w-full wrap-break-word light markdown-new-styling\">\n<p data-start=\"1049\" data-end=\"2270\" data-is-last-node=\"\" data-is-only-node=\"\">Okvir: C:62\u00ae Twin Mold Technology, notranja napeljava kablov, integrirana objemka sede\u017ene opore, Flat Mount disk zavore, mo\u017enost shranjevalne \u0161katle, AXH, 12&#215;142 mm<br data-start=\"1233\" data-end=\"1236\" \/>Vilica: CUBE CSL Race Disc, full carbon, 1 1\/8&#8243; \u2013 1 1\/4&#8243; tapered, Flat Mount, 12&#215;100 mm<br data-start=\"1323\" data-end=\"1326\" \/>Le\u017eaj vilice: ACROS, zgoraj integriran 1 1\/2&#8243; z notranjo napeljavo kablov, spodaj integriran 1 1\/4&#8243;<br data-start=\"1425\" data-end=\"1428\" \/>Lula krmila: CUBE CIS Stem z notranjo napeljavo kablov, FPI-Link<br data-start=\"1492\" data-end=\"1495\" \/>Krmilo: Newmen Advanced Wing Bar, karbon<br data-start=\"1535\" data-end=\"1538\" \/>Trak krmila: ACID Bartape RC 3.0<br data-start=\"1570\" data-end=\"1573\" \/>Prednji menjalnik: Shimano Ultegra Di2 FD-R8150-F<br data-start=\"1622\" data-end=\"1625\" \/>Zadnji menjalnik: Shimano Ultegra Di2 RD-R8150-DGS, 12-stopenjski<br data-start=\"1690\" data-end=\"1693\" \/>Ro\u010dice menjalnika\/zavor: Shimano Ultegra Di2 ST-R8170<br data-start=\"1746\" data-end=\"1749\" \/>Zavore: Shimano Ultegra BR-R8170, hidravli\u010dne disk zavore, Flat Mount (160\/160 mm)<br data-start=\"1831\" data-end=\"1834\" \/>Gonilna os: Shimano SM-BB71-41B, 86 mm Pressfit<br data-start=\"1881\" data-end=\"1884\" \/>Gonilka: Shimano Ultegra FC-R8100, Hollowtech II, 50x34T<br data-start=\"1940\" data-end=\"1943\" \/>Veriga: Shimano CN-M7100<br data-start=\"1967\" data-end=\"1970\" \/>Kaseta: Shimano CS-R7101, 11\u201334T<br data-start=\"2002\" data-end=\"2005\" \/>Obro\u010di \/ kolesa: Newmen Advanced A.50 Carbon, 21\/21 naper, 12&#215;100 mm \/ 12&#215;142 mm, Tubeless Ready<br data-start=\"2101\" data-end=\"2104\" \/>Pnevmatike: Continental Grand Prix 5000 S-TR, Kevlar, 30-622, Tubeless Ready<br data-start=\"2180\" data-end=\"2183\" \/>Sede\u017e: ACID Nuance Pro<br data-start=\"2205\" data-end=\"2208\" \/>Sede\u017ena opora: Newmen Advanced, karbon, 27.2 mm<br data-start=\"2255\" data-end=\"2258\" \/>Te\u017ea: 7,9 kg<\/p>\n<\/div>\n<\/div>\n<\/div>\n<\/div>\n<\/div>\n<\/div>\n<\/div>\n<\/div>\n","protected":false},"excerpt":{"rendered":"<p>Cestno kolo Cube Attain C:62 SLT Shiftmint &#8216;n&#8217; White<\/p>","protected":false},"featured_media":22049,"template":"","meta":{"_acf_changed":false,"inline_featured_image":false,"_monsterinsights_skip_tracking":false,"_monsterinsights_sitenote_active":false,"_monsterinsights_sitenote_note":"","_monsterinsights_sitenote_category":0},"product_brand":[1192],"product_cat":[501],"product_tag":[],"class_list":{"0":"post-22047","1":"product","2":"type-product","3":"status-publish","4":"has-post-thumbnail","6":"product_brand-cube","7":"product_cat-cestna-gravel-kolesa","8":"pa_velikost-1042","10":"first","11":"onbackorder","12":"sale","13":"taxable","14":"shipping-taxable","15":"purchasable","16":"product-type-variable"},"acf":[],"aioseo_notices":[],"_links":{"self":[{"href":"https:\/\/ritosa.si\/it\/wp-json\/wp\/v2\/product\/22047","targetHints":{"allow":["GET"]}}],"collection":[{"href":"https:\/\/ritosa.si\/it\/wp-json\/wp\/v2\/product"}],"about":[{"href":"https:\/\/ritosa.si\/it\/wp-json\/wp\/v2\/types\/product"}],"wp:featuredmedia":[{"embeddable":true,"href":"https:\/\/ritosa.si\/it\/wp-json\/wp\/v2\/media\/22049"}],"wp:attachment":[{"href":"https:\/\/ritosa.si\/it\/wp-json\/wp\/v2\/media?parent=22047"}],"wp:term":[{"taxonomy":"product_brand","embeddable":true,"href":"https:\/\/ritosa.si\/it\/wp-json\/wp\/v2\/product_brand?post=22047"},{"taxonomy":"product_cat","embeddable":true,"href":"https:\/\/ritosa.si\/it\/wp-json\/wp\/v2\/product_cat?post=22047"},{"taxonomy":"product_tag","embeddable":true,"href":"https:\/\/ritosa.si\/it\/wp-json\/wp\/v2\/product_tag?post=22047"}],"curies":[{"name":"parola chiave","href":"https:\/\/api.w.org\/{rel}","templated":true}]}}