{"id":7380,"date":"2011-09-02T15:31:11","date_gmt":"2011-09-02T15:31:11","guid":{"rendered":"https:\/\/ritosa.click.si\/?post_type=product&#038;p=7380"},"modified":"2026-03-30T09:03:07","modified_gmt":"2026-03-30T07:03:07","slug":"tricikel-elektricni-20","status":"publish","type":"product","link":"https:\/\/ritosa.si\/it\/negozio\/invalidski-pripomocki\/tricikli\/tricikel-elektricni-20\/","title":{"rendered":"Triciclo elettrico 20\u2033"},"content":{"rendered":"<p align=\"justify\">Triciclo per bambini e adulti da 140 cm a 170 cm<\/p>\n<ul>\n<li>Telaio: alluminio<\/li>\n<li>Forcella: hi-ten<\/li>\n<li>Freno anteriore: V-brake in alluminio<\/li>\n<li>Freno posteriore: disco meccanico<\/li>\n<li>Leve freno: alluminio<\/li>\n<li>Comandi cambio: Shimano Revoshift<\/li>\n<li>Cassetta: Shimano 6 marce<\/li>\n<li>Guarnitura: hi-ten singola<\/li>\n<li>Accessori: luci a batteria, parafanghi, cestino posteriore 56 \u00d7 52 \u00d7 23 cm<\/li>\n<li>Pneumatici: 20\u00d71.95<\/li>\n<li>Portata massima: 90 kg utilizzatore, 25 kg cestino<\/li>\n<li>Peso: 28,5 kg<\/li>\n<\/ul>\n<p align=\"justify\">","protected":false},"excerpt":{"rendered":"<p>Il triciclo elettrico (e-bike) 20\u2033 per bambini e adulti con telaio in alluminio e 6 marce Shimano offre una guida stabile, comoda e sicura. Dotato di un grande cestino posteriore per trasportare la spesa o i bagagli, \u00e8 ideale per gli spostamenti in citt\u00e0 e per le attivit\u00e0 quotidiane.<\/p>","protected":false},"featured_media":21720,"template":"","meta":{"_acf_changed":false,"inline_featured_image":false,"_monsterinsights_skip_tracking":false,"_monsterinsights_sitenote_active":false,"_monsterinsights_sitenote_note":"","_monsterinsights_sitenote_category":0},"product_brand":[],"product_cat":[496],"product_tag":[],"class_list":{"0":"post-7380","1":"product","2":"type-product","3":"status-publish","4":"has-post-thumbnail","6":"product_cat-tricikli","7":"pa_barva-modra","8":"pa_barva-rdeca","9":"pa_barva-srebrna","11":"first","12":"instock","13":"sale","14":"taxable","15":"shipping-taxable","16":"purchasable","17":"product-type-variable"},"acf":[],"aioseo_notices":[],"_links":{"self":[{"href":"https:\/\/ritosa.si\/it\/wp-json\/wp\/v2\/product\/7380","targetHints":{"allow":["GET"]}}],"collection":[{"href":"https:\/\/ritosa.si\/it\/wp-json\/wp\/v2\/product"}],"about":[{"href":"https:\/\/ritosa.si\/it\/wp-json\/wp\/v2\/types\/product"}],"wp:featuredmedia":[{"embeddable":true,"href":"https:\/\/ritosa.si\/it\/wp-json\/wp\/v2\/media\/21720"}],"wp:attachment":[{"href":"https:\/\/ritosa.si\/it\/wp-json\/wp\/v2\/media?parent=7380"}],"wp:term":[{"taxonomy":"product_brand","embeddable":true,"href":"https:\/\/ritosa.si\/it\/wp-json\/wp\/v2\/product_brand?post=7380"},{"taxonomy":"product_cat","embeddable":true,"href":"https:\/\/ritosa.si\/it\/wp-json\/wp\/v2\/product_cat?post=7380"},{"taxonomy":"product_tag","embeddable":true,"href":"https:\/\/ritosa.si\/it\/wp-json\/wp\/v2\/product_tag?post=7380"}],"curies":[{"name":"parola chiave","href":"https:\/\/api.w.org\/{rel}","templated":true}]}}