{"id":8026,"date":"2018-04-04T12:04:00","date_gmt":"2018-04-04T12:04:00","guid":{"rendered":"https:\/\/ritosa.click.si\/?post_type=product&#038;p=8026"},"modified":"2025-08-21T10:37:20","modified_gmt":"2025-08-21T08:37:20","slug":"citniki-tempish-set-odrasli","status":"publish","type":"product","link":"https:\/\/ritosa.si\/it\/negozio\/rolerji\/odrasli-rolerji\/citniki-tempish-set-odrasli\/","title":{"rendered":"Protezioni per i polsi TEMPISH - Adulti"},"content":{"rendered":"<p>Protezioni per i polsi per adulti<\/p>\n<p>Polsiere anatomiche con imbottitura in plastica su entrambi i lati. Gli infortuni al polso sono i pi\u00f9 comuni durante i rollerblade. Una protezione di alta qualit\u00e0 \u00e8 quindi fondamentale. Queste protezioni offrono un&#039;elevata protezione contro cadute e urti, e la forma e la struttura garantiscono una posizione stabile e un piacere di guida confortevole. Nonostante il rinforzo, le dita rimangono libere e il loro utilizzo non interferisce con altre attivit\u00e0.<\/p>\n<p>Si tratta di una versione molto leggera della protezione per il polso, in cui l&#039;intero palmo non \u00e8 rivestito in tessuto e palmo e polso sono altamente ventilati, poich\u00e9 le parti in tessuto e schiuma della protezione toccano palmo e polso solo sotto i rinforzi in plastica. La protezione \u00e8 saldamente fissata in posizione funzionale con due cinturini in velcro. Il cinturino da polso pi\u00f9 largo \u00e8 ricamato, mentre quello pi\u00f9 sottile sul palmo presenta un&#039;etichetta in gomma con il logo TEMPISH.<\/p>\n<div><span style=\"font-family: Verdana;font-size: 10pt\">Potete acquistare le protezioni nel nostro negozio online e anche nel nostro centro ciclistico Rito\u0161a a Isola.<\/span><\/div>","protected":false},"excerpt":{"rendered":"<p>Protezioni per i polsi TEMPISH \u2013 per adulti<\/p>","protected":false},"featured_media":19160,"template":"","meta":{"_acf_changed":false,"inline_featured_image":false,"_monsterinsights_skip_tracking":false,"_monsterinsights_sitenote_active":false,"_monsterinsights_sitenote_note":"","_monsterinsights_sitenote_category":0},"product_brand":[1219],"product_cat":[584,521],"product_tag":[1233,1236,1235],"class_list":{"0":"post-8026","1":"product","2":"type-product","3":"status-publish","4":"has-post-thumbnail","6":"product_brand-tempish","7":"product_cat-odrasli-rolerji","8":"product_cat-scitniki","9":"product_tag-scitniki-tempish","10":"product_tag-scitniki-za-odrasle","11":"product_tag-scitniki-za-zapestje","12":"pa_barva-siva","13":"pa_velikost-l","15":"first","16":"instock","17":"sale","18":"taxable","19":"shipping-taxable","20":"purchasable","21":"product-type-variable"},"acf":[],"aioseo_notices":[],"_links":{"self":[{"href":"https:\/\/ritosa.si\/it\/wp-json\/wp\/v2\/product\/8026","targetHints":{"allow":["GET"]}}],"collection":[{"href":"https:\/\/ritosa.si\/it\/wp-json\/wp\/v2\/product"}],"about":[{"href":"https:\/\/ritosa.si\/it\/wp-json\/wp\/v2\/types\/product"}],"wp:featuredmedia":[{"embeddable":true,"href":"https:\/\/ritosa.si\/it\/wp-json\/wp\/v2\/media\/19160"}],"wp:attachment":[{"href":"https:\/\/ritosa.si\/it\/wp-json\/wp\/v2\/media?parent=8026"}],"wp:term":[{"taxonomy":"product_brand","embeddable":true,"href":"https:\/\/ritosa.si\/it\/wp-json\/wp\/v2\/product_brand?post=8026"},{"taxonomy":"product_cat","embeddable":true,"href":"https:\/\/ritosa.si\/it\/wp-json\/wp\/v2\/product_cat?post=8026"},{"taxonomy":"product_tag","embeddable":true,"href":"https:\/\/ritosa.si\/it\/wp-json\/wp\/v2\/product_tag?post=8026"}],"curies":[{"name":"parola chiave","href":"https:\/\/api.w.org\/{rel}","templated":true}]}}